{"id":895,"date":"2025-03-08T12:28:25","date_gmt":"2025-03-08T09:28:25","guid":{"rendered":"https:\/\/www.hitsauskurssi.fi\/?page_id=895"},"modified":"2026-04-24T07:26:45","modified_gmt":"2026-04-24T04:26:45","slug":"kurssikalenteri","status":"publish","type":"page","link":"https:\/\/www.hitsauskurssi.fi\/en\/kurssikalenteri\/","title":{"rendered":"Course calendar"},"content":{"rendered":"<nav class=\"has-medium-font-size is-responsive items-justified-center wp-block-navigation is-content-justification-center is-layout-flex wp-container-core-navigation-is-layout-a89b3969 wp-block-navigation-is-layout-flex\" aria-label=\"Navigation\" \n\t\t data-wp-interactive=\"core\/navigation\" data-wp-context='{\"overlayOpenedBy\":{\"click\":false,\"hover\":false,\"focus\":false},\"type\":\"overlay\",\"roleAttribute\":\"\",\"ariaLabel\":\"Menu\"}'><button aria-haspopup=\"dialog\" aria-label=\"Open menu\" class=\"wp-block-navigation__responsive-container-open\" \n\t\t\t\tdata-wp-on--click=\"actions.openMenuOnClick\"\n\t\t\t\tdata-wp-on--keydown=\"actions.handleMenuKeydown\"\n\t\t\t><svg width=\"24\" height=\"24\" xmlns=\"http:\/\/www.w3.org\/2000\/svg\" viewBox=\"0 0 24 24\" aria-hidden=\"true\" focusable=\"false\"><path d=\"M4 7.5h16v1.5H4z\"><\/path><path d=\"M4 15h16v1.5H4z\"><\/path><\/svg><\/button>\n\t\t\t\t<div class=\"wp-block-navigation__responsive-container\"  id=\"modal-1\" \n\t\t\t\tdata-wp-class--has-modal-open=\"state.isMenuOpen\"\n\t\t\t\tdata-wp-class--is-menu-open=\"state.isMenuOpen\"\n\t\t\t\tdata-wp-watch=\"callbacks.initMenu\"\n\t\t\t\tdata-wp-on--keydown=\"actions.handleMenuKeydown\"\n\t\t\t\tdata-wp-on--focusout=\"actions.handleMenuFocusout\"\n\t\t\t\ttabindex=\"-1\"\n\t\t\t>\n\t\t\t\t\t<div class=\"wp-block-navigation__responsive-close\" tabindex=\"-1\">\n\t\t\t\t\t\t<div class=\"wp-block-navigation__responsive-dialog\" \n\t\t\t\tdata-wp-bind--aria-modal=\"state.ariaModal\"\n\t\t\t\tdata-wp-bind--aria-label=\"state.ariaLabel\"\n\t\t\t\tdata-wp-bind--role=\"state.roleAttribute\"\n\t\t\t>\n\t\t\t\t\t\t\t<button aria-label=\"Close menu\" class=\"wp-block-navigation__responsive-container-close\" \n\t\t\t\tdata-wp-on--click=\"actions.closeMenuOnClick\"\n\t\t\t><svg xmlns=\"http:\/\/www.w3.org\/2000\/svg\" viewBox=\"0 0 24 24\" width=\"24\" height=\"24\" aria-hidden=\"true\" focusable=\"false\"><path d=\"m13.06 12 6.47-6.47-1.06-1.06L12 10.94 5.53 4.47 4.47 5.53 10.94 12l-6.47 6.47 1.06 1.06L12 13.06l6.47 6.47 1.06-1.06L13.06 12Z\"><\/path><\/svg><\/button>\n\t\t\t\t\t\t\t<div class=\"wp-block-navigation__responsive-container-content\" \n\t\t\t\tdata-wp-watch=\"callbacks.focusFirstElement\"\n\t\t\t id=\"modal-1-content\">\n\t\t\t\t\t\t\t\t<ul class=\"wp-block-navigation__container has-medium-font-size is-responsive items-justified-center wp-block-navigation has-medium-font-size\"><li class=\"has-medium-font-size wp-block-navigation-item is-style-default wp-block-navigation-link\"><a class=\"wp-block-navigation-item__content\"  href=\"https:\/\/www.hitsauskurssi.fi\/\"><span class=\"wp-block-navigation-item__label\">Etusivu<\/span><\/a><\/li><li data-wp-context=\"{ &quot;submenuOpenedBy&quot;: { &quot;click&quot;: false, &quot;hover&quot;: false, &quot;focus&quot;: false }, &quot;type&quot;: &quot;submenu&quot;, &quot;modal&quot;: null, &quot;previousFocus&quot;: null }\" data-wp-interactive=\"core\/navigation\" data-wp-on--focusout=\"actions.handleMenuFocusout\" data-wp-on--keydown=\"actions.handleMenuKeydown\" data-wp-on--mouseenter=\"actions.openMenuOnHover\" data-wp-on--mouseleave=\"actions.closeMenuOnHover\" data-wp-watch=\"callbacks.initMenu\" tabindex=\"-1\" class=\"wp-block-navigation-item has-medium-font-size has-child open-on-hover-click wp-block-navigation-submenu\"><a class=\"wp-block-navigation-item__content\" href=\"https:\/\/www.hitsauskurssi.fi\/hitsauskurssit\/\"><span class=\"wp-block-navigation-item__label\">Hitsauskurssit<\/span><\/a><button data-wp-bind--aria-expanded=\"state.isMenuOpen\" data-wp-on--click=\"actions.toggleMenuOnClick\" aria-label=\"Hitsauskurssit submenu\" class=\"wp-block-navigation__submenu-icon wp-block-navigation-submenu__toggle\" ><svg xmlns=\"http:\/\/www.w3.org\/2000\/svg\" width=\"12\" height=\"12\" viewBox=\"0 0 12 12\" fill=\"none\" aria-hidden=\"true\" focusable=\"false\"><path d=\"M1.50002 4L6.00002 8L10.5 4\" stroke-width=\"1.5\"><\/path><\/svg><\/button><ul data-wp-on--focus=\"actions.openMenuOnFocus\" class=\"wp-block-navigation__submenu-container wp-block-navigation-submenu\"><li class=\"has-medium-font-size wp-block-navigation-item wp-block-navigation-link\"><a class=\"wp-block-navigation-item__content\"  href=\"https:\/\/www.hitsauskurssi.fi\/paketit-ryhmille\/\"><span class=\"wp-block-navigation-item__label\">Paketit ryhmille<\/span><\/a><\/li><li class=\"has-medium-font-size wp-block-navigation-item wp-block-navigation-link\"><a class=\"wp-block-navigation-item__content\"  href=\"https:\/\/www.hitsauskurssi.fi\/kurssikalenteri\/\"><span class=\"wp-block-navigation-item__label\">Kurssikalenteri<\/span><\/a><\/li><li class=\"has-medium-font-size wp-block-navigation-item wp-block-navigation-link\"><a class=\"wp-block-navigation-item__content\"  href=\"https:\/\/www.hitsauskurssi.fi\/hitsauskurssit\/\"><span class=\"wp-block-navigation-item__label\">Hitsauskurssit<\/span><\/a><\/li><li class=\"has-medium-font-size wp-block-navigation-item wp-block-navigation-link\"><a class=\"wp-block-navigation-item__content\"  href=\"https:\/\/www.hitsauskurssi.fi\/basic\/\"><span class=\"wp-block-navigation-item__label\">Basic<\/span><\/a><\/li><li class=\"has-medium-font-size wp-block-navigation-item wp-block-navigation-link\"><a class=\"wp-block-navigation-item__content\"  href=\"https:\/\/www.hitsauskurssi.fi\/basic-plus\/\"><span class=\"wp-block-navigation-item__label\">Basic Plus<\/span><\/a><\/li><li class=\"has-medium-font-size wp-block-navigation-item wp-block-navigation-link\"><a class=\"wp-block-navigation-item__content\"  href=\"https:\/\/www.hitsauskurssi.fi\/premium\/\"><span class=\"wp-block-navigation-item__label\">Premium<\/span><\/a><\/li><\/ul><\/li><li class=\"has-medium-font-size wp-block-navigation-item wp-block-navigation-link\"><a class=\"wp-block-navigation-item__content\"  href=\"https:\/\/www.hitsauskurssi.fi\/artikkelit\/\"><span class=\"wp-block-navigation-item__label\">Artikkelit<\/span><\/a><\/li><li class=\"has-medium-font-size wp-block-navigation-item wp-block-navigation-link\"><a class=\"wp-block-navigation-item__content\"  href=\"https:\/\/www.hitsauskurssi.fi\/hitsauskone-vuokraus\/\"><span class=\"wp-block-navigation-item__label\">Vuokraus<\/span><\/a><\/li><li class=\"has-medium-font-size wp-block-navigation-item wp-block-navigation-link\"><a class=\"wp-block-navigation-item__content\"  href=\"https:\/\/www.hitsauskurssi.fi\/yritys\/\"><span class=\"wp-block-navigation-item__label\">Yritys<\/span><\/a><\/li><li class=\"has-medium-font-size wp-block-navigation-item wp-block-navigation-link\"><a class=\"wp-block-navigation-item__content\"  href=\"https:\/\/www.hitsauskurssi.fi\/yhteystiedot\/\"><span class=\"wp-block-navigation-item__label\">Yhteystiedot<\/span><\/a><\/li><\/ul>\n\t\t\t\t\t\t\t<\/div>\n\t\t\t\t\t\t<\/div>\n\t\t\t\t\t<\/div>\n\t\t\t\t<\/div><\/nav>\n\n\n<div style=\"height:10px\" aria-hidden=\"true\" class=\"wp-block-spacer\"><\/div>\n\n\n\n<figure class=\"wp-block-image aligncenter size-medium\"><img loading=\"lazy\" decoding=\"async\" width=\"300\" height=\"271\" src=\"https:\/\/www.hitsauskurssi.fi\/wp-content\/uploads\/2024\/10\/Tarra-SMALL-300x271.png\" alt=\"Hitsauskurssi.fi logo\" class=\"wp-image-588\" srcset=\"https:\/\/www.hitsauskurssi.fi\/wp-content\/uploads\/2024\/10\/Tarra-SMALL-300x271.png 300w, https:\/\/www.hitsauskurssi.fi\/wp-content\/uploads\/2024\/10\/Tarra-SMALL.png 437w\" sizes=\"auto, (max-width: 300px) 100vw, 300px\" \/><\/figure>\n\n\n\n<h1 class=\"wp-block-heading has-text-align-center has-system-sans-serif-font-family has-xx-large-font-size\">Kurssikalenteri<\/h1>\n\n\n\n<p class=\"has-text-align-center\">T\u00e4\u00e4lt\u00e4 l\u00f6yd\u00e4t tulevien kurssien p\u00e4iv\u00e4m\u00e4\u00e4r\u00e4t ja ilmottautumislomakkeen.<\/p>\n\n\n\n<div style=\"height:15px\" aria-hidden=\"true\" class=\"wp-block-spacer\"><\/div>\n\n\n\n<hr class=\"wp-block-separator has-text-color has-base-2-color has-alpha-channel-opacity has-base-2-background-color has-background is-style-wide\"\/>\n\n\n\n<div style=\"height:10px\" aria-hidden=\"true\" class=\"wp-block-spacer\"><\/div>\n\n\n\n<div class=\"wp-block-group has-global-padding is-layout-constrained wp-block-group-is-layout-constrained\">\n<p class=\"has-small-font-size\">Tulevat kurssit Vantaan Mittatiell\u00e4:<\/p>\n\n\n\n<div class=\"wp-block-columns animated fadeIn slower undefined delay-1s has-border-color is-layout-flex wp-container-core-columns-is-layout-44468703 wp-block-columns-is-layout-flex\" style=\"border-color:#636363;border-width:3px;border-radius:15px;padding-top:var(--wp--preset--spacing--10);padding-right:var(--wp--preset--spacing--10);padding-bottom:var(--wp--preset--spacing--10);padding-left:var(--wp--preset--spacing--10)\">\n<div class=\"wp-block-column has-contrast-2-color has-text-color has-link-color wp-elements-e2801fce9764e1867788a2501a9851a0 is-layout-flow wp-block-column-is-layout-flow\">\n<p class=\"has-contrast-2-color has-text-color has-link-color wp-elements-60cce2e4ad99e5f39b44b4d77dbacef2\"><s>Ke 17.9.2025<\/s><\/p>\n<\/div>\n\n\n\n<div class=\"wp-block-column has-contrast-2-color has-text-color has-link-color wp-elements-ccee701be7e22b3566133a03dd1873c5 is-layout-flow wp-block-column-is-layout-flow\">\n<p class=\"has-contrast-2-color has-text-color has-link-color wp-elements-99e1df584866acc4a5fbba86a6f8d5a9\"><s>Paikkoja varattu: 3 \/ 5<\/s><\/p>\n<\/div>\n<\/div>\n\n\n\n<div class=\"wp-block-columns animated fadeIn slower undefined delay-1s has-border-color is-layout-flex wp-container-core-columns-is-layout-44468703 wp-block-columns-is-layout-flex\" style=\"border-color:#636363;border-width:3px;border-radius:15px;padding-top:var(--wp--preset--spacing--10);padding-right:var(--wp--preset--spacing--10);padding-bottom:var(--wp--preset--spacing--10);padding-left:var(--wp--preset--spacing--10)\">\n<div class=\"wp-block-column has-contrast-2-color has-text-color has-link-color wp-elements-e4673bad0971c59459b6fb811781eccc is-layout-flow wp-block-column-is-layout-flow\">\n<p class=\"has-contrast-2-color has-text-color has-link-color wp-elements-093864481b20ca50e2639cfc38f89faa\" style=\"text-decoration:none\"><s>Ti 21.4.2026<\/s><\/p>\n<\/div>\n\n\n\n<div class=\"wp-block-column has-contrast-2-color has-text-color has-link-color wp-elements-50c9cada229bb71eb710271390c447d4 is-layout-flow wp-block-column-is-layout-flow\">\n<p class=\"has-contrast-2-color has-text-color has-link-color wp-elements-b222c2a3bf37119c03124ab8bf9b0c42\" style=\"text-decoration:none\"><s>Paikkoja varattu: 2 \/ 5<\/s><\/p>\n<\/div>\n<\/div>\n\n\n\n<div class=\"wp-block-columns animated fadeIn slower undefined delay-1s has-border-color is-layout-flex wp-container-core-columns-is-layout-44468703 wp-block-columns-is-layout-flex\" style=\"border-color:#636363;border-width:3px;border-radius:15px;padding-top:var(--wp--preset--spacing--10);padding-right:var(--wp--preset--spacing--10);padding-bottom:var(--wp--preset--spacing--10);padding-left:var(--wp--preset--spacing--10)\">\n<div class=\"wp-block-column has-contrast-2-color has-text-color has-link-color wp-elements-69fe324e1167517398d616662162bada is-layout-flow wp-block-column-is-layout-flow\">\n<p class=\"has-base-color has-text-color has-link-color wp-elements-73d6f1e6b97eab72fa4842e377e522f0\">Ti 26.5.2026<\/p>\n<\/div>\n\n\n\n<div class=\"wp-block-column has-contrast-2-color has-text-color has-link-color wp-elements-c049207fd10ed2f2e7bd8bd8e37fe64f is-layout-flow wp-block-column-is-layout-flow\">\n<p class=\"has-base-color has-text-color has-link-color wp-elements-6e04cc64ea919e2a18ec852163d32f02\">Paikkoja varattu: 0 \/ 5<\/p>\n<\/div>\n<\/div>\n<\/div>\n\n\n\n<div style=\"height:20px\" aria-hidden=\"true\" class=\"wp-block-spacer\"><\/div>\n\n\n\n<hr class=\"wp-block-separator has-text-color has-base-2-color has-alpha-channel-opacity has-base-2-background-color has-background is-style-wide\"\/>\n\n\n\n<p>Jos kalenterissa ei ole itsellesi sopivaa p\u00e4iv\u00e4\u00e4, niin <a href=\"http:\/\/hitsauskurssi.fi\/#lista\" target=\"_blank\" rel=\"noopener\" title=\"\">LIITY S\u00c4HK\u00d6POSTILISTALLE<\/a> ja saat tiedon uusista kurssip\u00e4ivist\u00e4 ensimm\u00e4isen\u00e4.<\/p>\n\n\n\n<p>Voit tilata kurssin my\u00f6s omiin tiloihisi itse valitsemanasi p\u00e4iv\u00e4n\u00e4.<br><a href=\"https:\/\/www.hitsauskurssi.fi\/yhteystiedot\/\" target=\"_blank\" rel=\"noopener\" title=\"\">OTA YHTEYTT\u00c4<\/a> ja sovitaan yksityiskohdat kuntoon!<\/p>\n\n\n\n<hr class=\"wp-block-separator has-text-color has-base-2-color has-alpha-channel-opacity has-base-2-background-color has-background is-style-wide\"\/>\n\n\n\n<div style=\"height:20px\" aria-hidden=\"true\" class=\"wp-block-spacer\"><\/div>\n\n\n\n<h2 class=\"wp-block-heading has-system-sans-serif-font-family has-large-font-size\">Kurssille ilmoittautuminen<\/h2>\n\n\n\n<p class=\"has-small-font-size\">Vantaan Mittatiell\u00e4 pidett\u00e4ville kursseille. T\u00e4yt\u00e4 tiedot ja l\u00e4het\u00e4. Saat laskun s\u00e4hk\u00f6postiisi ilmoittautumisen j\u00e4lkeen. Vaihtoehtoisesti voit l\u00e4hett\u00e4\u00e4 vapaamuotoisen s\u00e4hk\u00f6postin -&gt; anssi.juvonen@hitsauskurssi.fi<\/p>\n\n\n\n<p class=\"has-small-font-size\">Tullessasi Vantaalle kurssip\u00e4iv\u00e4lle huomioithan ett\u00e4 tarvitset voimassa olevan tulity\u00f6kortin.<\/p>\n\n\n\n<p class=\"has-small-font-size\">Ennen osallistumista suosittelen lukemaan yleisimm\u00e4t kysymykset ja vastaukset -&gt; <a href=\"https:\/\/www.hitsauskurssi.fi\/hitsauskurssit\/#kysymyksia\" target=\"_blank\" rel=\"noopener\" title=\"\">LINKKI<\/a><\/p>\n\n\n\n<div class=\"wp-block-group has-contrast-2-background-color has-background has-global-padding is-layout-constrained wp-container-core-group-is-layout-6ebb2501 wp-block-group-is-layout-constrained\" style=\"border-style:none;border-width:0px;border-radius:20px;padding-top:var(--wp--preset--spacing--10);padding-right:var(--wp--preset--spacing--20);padding-bottom:var(--wp--preset--spacing--10);padding-left:var(--wp--preset--spacing--20)\"><style id=\"wpforms-css-vars-872-block-5fc9e513-08b4-4e1f-9b01-23c22ac476a1\">\n\t\t\t\t#wpforms-872.wpforms-block-5fc9e513-08b4-4e1f-9b01-23c22ac476a1 {\n\t\t\t\t--wpforms-field-size-input-height: 43px;\n--wpforms-field-size-input-spacing: 15px;\n--wpforms-field-size-font-size: 16px;\n--wpforms-field-size-line-height: 19px;\n--wpforms-field-size-padding-h: 14px;\n--wpforms-field-size-checkbox-size: 16px;\n--wpforms-field-size-sublabel-spacing: 5px;\n--wpforms-field-size-icon-size: 1;\n--wpforms-label-size-font-size: 16px;\n--wpforms-label-size-line-height: 19px;\n--wpforms-label-size-sublabel-font-size: 14px;\n--wpforms-label-size-sublabel-line-height: 17px;\n--wpforms-button-size-font-size: 17px;\n--wpforms-button-size-height: 41px;\n--wpforms-button-size-padding-h: 15px;\n--wpforms-button-size-margin-top: 10px;\n\t\t\t}\n\t\t\t<\/style><div class=\"wpforms-container wpforms-container-full wpforms-block wpforms-block-5fc9e513-08b4-4e1f-9b01-23c22ac476a1 wpforms-render-modern\" id=\"wpforms-872\"><form id=\"wpforms-form-872\" class=\"wpforms-validate wpforms-form wpforms-ajax-form\" data-formid=\"872\" method=\"post\" enctype=\"multipart\/form-data\" action=\"\/en\/wp-json\/wp\/v2\/pages\/895\" data-token=\"734a71ad226f0e54b9fe938ae32cff99\" data-token-time=\"1777484655\"><noscript class=\"wpforms-error-noscript\">Please enable JavaScript in your browser to complete this form.<\/noscript><div id=\"wpforms-error-noscript\" style=\"display: none;\">Please enable JavaScript in your browser to complete this form.<\/div><div class=\"wpforms-field-container\"><div id=\"wpforms-872-field_1-container\" class=\"wpforms-field wpforms-field-name\" data-field-id=\"1\"><fieldset><legend class=\"wpforms-field-label\">Nimi <span class=\"wpforms-required-label\" aria-hidden=\"true\">*<\/span><\/legend><div class=\"wpforms-field-row wpforms-field-medium\"><div class=\"wpforms-field-row-block wpforms-first wpforms-one-half\"><input type=\"text\" id=\"wpforms-872-field_1\" class=\"wpforms-field-name-first wpforms-field-required\" name=\"wpforms[fields][1][first]\" placeholder=\"Etunimi\" aria-errormessage=\"wpforms-872-field_1-error\" required><label for=\"wpforms-872-field_1\" class=\"wpforms-field-sublabel after wpforms-sublabel-hide\">First<\/label><\/div><div class=\"wpforms-field-row-block wpforms-one-half\"><input type=\"text\" id=\"wpforms-872-field_1-last\" class=\"wpforms-field-name-last wpforms-field-required\" name=\"wpforms[fields][1][last]\" placeholder=\"Sukunimi\" aria-errormessage=\"wpforms-872-field_1-last-error\" required><label for=\"wpforms-872-field_1-last\" class=\"wpforms-field-sublabel after wpforms-sublabel-hide\">Last<\/label><\/div><\/div><\/fieldset><\/div><div id=\"wpforms-872-field_2-container\" class=\"wpforms-field wpforms-field-email\" data-field-id=\"2\"><label class=\"wpforms-field-label\" for=\"wpforms-872-field_2\">S\u00e4hk\u00f6posti <span class=\"wpforms-required-label\" aria-hidden=\"true\">*<\/span><\/label><input type=\"email\" id=\"wpforms-872-field_2\" class=\"wpforms-field-medium wpforms-field-required\" name=\"wpforms[fields][2]\" placeholder=\"esimerkki@hitsauskurssi.fi\" spellcheck=\"false\" aria-errormessage=\"wpforms-872-field_2-error\" required><\/div>\t\t<div id=\"wpforms-872-field_4-container\"\n\t\t\tclass=\"wpforms-field wpforms-field-text\"\n\t\t\tdata-field-type=\"text\"\n\t\t\tdata-field-id=\"4\"\n\t\t\t>\n\t\t\t<label class=\"wpforms-field-label\" for=\"wpforms-872-field_4\" >p\u00e4iv\u00e4m\u00e4\u00e4r\u00e4 Laskutustiedot Kurssin<\/label>\n\t\t\t<input type=\"text\" id=\"wpforms-872-field_4\" class=\"wpforms-field-medium\" name=\"wpforms[fields][4]\" >\n\t\t<\/div>\n\t\t<div id=\"wpforms-872-field_10-container\" class=\"wpforms-field wpforms-field-text\" data-field-id=\"10\"><label class=\"wpforms-field-label\" for=\"wpforms-872-field_10\">Yritys<\/label><input type=\"text\" id=\"wpforms-872-field_10\" class=\"wpforms-field-medium\" name=\"wpforms[fields][10]\" placeholder=\"Yritys Oy\" aria-errormessage=\"wpforms-872-field_10-error\" aria-describedby=\"wpforms-872-field_10-description\" ><div id=\"wpforms-872-field_10-description\" class=\"wpforms-field-description\">Vain yritysasiakkaille, henkil\u00f6asiakkaat j\u00e4tt\u00e4v\u00e4t tyhj\u00e4ksi.<\/div><\/div><div id=\"wpforms-872-field_8-container\" class=\"wpforms-field wpforms-field-radio\" data-field-id=\"8\"><fieldset><legend class=\"wpforms-field-label\">Olen: <span class=\"wpforms-required-label\" aria-hidden=\"true\">*<\/span><\/legend><ul id=\"wpforms-872-field_8\" class=\"wpforms-field-required\"><li class=\"choice-1 depth-1\"><input type=\"radio\" id=\"wpforms-872-field_8_1\" name=\"wpforms[fields][8]\" value=\"Yritysasiakas\" aria-errormessage=\"wpforms-872-field_8_1-error\" required ><label class=\"wpforms-field-label-inline\" for=\"wpforms-872-field_8_1\">Yritysasiakas<\/label><\/li><li class=\"choice-2 depth-1\"><input type=\"radio\" id=\"wpforms-872-field_8_2\" name=\"wpforms[fields][8]\" value=\"Henkil\u00f6asiakas\" aria-errormessage=\"wpforms-872-field_8_2-error\" required ><label class=\"wpforms-field-label-inline\" for=\"wpforms-872-field_8_2\">Henkil\u00f6asiakas<\/label><\/li><\/ul><\/fieldset><\/div><div id=\"wpforms-872-field_3-container\" class=\"wpforms-field wpforms-field-radio\" data-field-id=\"3\"><fieldset><legend class=\"wpforms-field-label\">Valitse haluamasi kurssipaketti <span class=\"wpforms-required-label\" aria-hidden=\"true\">*<\/span><\/legend><ul id=\"wpforms-872-field_3\" class=\"wpforms-field-required\"><li class=\"choice-1 depth-1 wpforms-selected\"><input type=\"radio\" id=\"wpforms-872-field_3_1\" name=\"wpforms[fields][3]\" value=\"Basic - 400\u20ac\" aria-errormessage=\"wpforms-872-field_3_1-error\" aria-describedby=\"wpforms-872-field_3-description\" required  checked='checked'><label class=\"wpforms-field-label-inline\" for=\"wpforms-872-field_3_1\">Basic &#8211; 400\u20ac<\/label><\/li><li class=\"choice-2 depth-1\"><input type=\"radio\" id=\"wpforms-872-field_3_2\" name=\"wpforms[fields][3]\" value=\"Basic Plus - 600\u20ac\" aria-errormessage=\"wpforms-872-field_3_2-error\" aria-describedby=\"wpforms-872-field_3-description\" required ><label class=\"wpforms-field-label-inline\" for=\"wpforms-872-field_3_2\">Basic Plus &#8211; 600\u20ac<\/label><\/li><li class=\"choice-3 depth-1\"><input type=\"radio\" id=\"wpforms-872-field_3_3\" name=\"wpforms[fields][3]\" value=\"Premium - 2800\u20ac\" aria-errormessage=\"wpforms-872-field_3_3-error\" aria-describedby=\"wpforms-872-field_3-description\" required ><label class=\"wpforms-field-label-inline\" for=\"wpforms-872-field_3_3\">Premium &#8211; 2800\u20ac<\/label><\/li><\/ul><div id=\"wpforms-872-field_3-description\" class=\"wpforms-field-description\">Hintoihin lis\u00e4t\u00e4\u00e4n alv 25,5%.\nSaat laskun s\u00e4hk\u00f6postiisi ilmoittautumisen j\u00e4lkeen.<\/div><\/fieldset><\/div><div id=\"wpforms-872-field_9-container\" class=\"wpforms-field wpforms-field-select wpforms-field-select-style-classic\" data-field-id=\"9\"><label class=\"wpforms-field-label\" for=\"wpforms-872-field_9\">Kurssin p\u00e4iv\u00e4m\u00e4\u00e4r\u00e4 <span class=\"wpforms-required-label\" aria-hidden=\"true\">*<\/span><\/label><select id=\"wpforms-872-field_9\" class=\"wpforms-field-medium wpforms-field-required\" name=\"wpforms[fields][9]\" required=\"required\"><option value=\"\" class=\"placeholder\" disabled  selected='selected'>Valitse kurssi jolle olet osallistumassa<\/option><option value=\"Ti 26.5.2026\"  class=\"choice-9 depth-1\"  >Ti 26.5.2026<\/option><\/select><\/div><div id=\"wpforms-872-field_7-container\" class=\"wpforms-field wpforms-field-textarea\" data-field-id=\"7\"><label class=\"wpforms-field-label\" for=\"wpforms-872-field_7\">Laskutustiedot <span class=\"wpforms-required-label\" aria-hidden=\"true\">*<\/span><\/label><textarea id=\"wpforms-872-field_7\" class=\"wpforms-field-medium wpforms-field-required\" name=\"wpforms[fields][7]\" aria-errormessage=\"wpforms-872-field_7-error\" aria-describedby=\"wpforms-872-field_7-description\" required><\/textarea><div id=\"wpforms-872-field_7-description\" class=\"wpforms-field-description\">Yritysasiakas: verkkolaskuosoite ja y-tunnus. Henkil\u00f6asiakas: Osoite ja puhelinnumero.<\/div><\/div><div id=\"wpforms-872-field_6-container\" class=\"wpforms-field wpforms-field-checkbox\" data-field-id=\"6\"><fieldset><legend class=\"wpforms-field-label\">Liity s\u00e4hk\u00f6postilistalle<\/legend><ul id=\"wpforms-872-field_6\"><li class=\"choice-1 depth-1\"><input type=\"checkbox\" id=\"wpforms-872-field_6_1\" name=\"wpforms[fields][6][]\" value=\"Kyll\u00e4, kuullostaa hyv\u00e4lt\u00e4!\" aria-errormessage=\"wpforms-872-field_6_1-error\"  ><label class=\"wpforms-field-label-inline\" for=\"wpforms-872-field_6_1\">Kyll\u00e4, kuullostaa hyv\u00e4lt\u00e4!<\/label><\/li><\/ul><\/fieldset><\/div><script>\n\t\t\t\t( function() {\n\t\t\t\t\tconst style = document.createElement( 'style' );\n\t\t\t\t\tstyle.appendChild( document.createTextNode( '#wpforms-872-field_4-container { position: absolute !important; overflow: hidden !important; display: inline !important; height: 1px !important; width: 1px !important; z-index: -1000 !important; padding: 0 !important; } #wpforms-872-field_4-container input { visibility: hidden; } #wpforms-conversational-form-page #wpforms-872-field_4-container label { counter-increment: none; }' ) );\n\t\t\t\t\tdocument.head.appendChild( style );\n\t\t\t\t\tdocument.currentScript?.remove();\n\t\t\t\t} )();\n\t\t\t<\/script><\/div><!-- .wpforms-field-container --><div class=\"wpforms-submit-container\" ><input type=\"hidden\" name=\"wpforms[id]\" value=\"872\"><input type=\"hidden\" name=\"page_title\" value=\"\"><input type=\"hidden\" name=\"page_url\" value=\"https:\/\/www.hitsauskurssi.fi\/en\/wp-json\/wp\/v2\/pages\/895\"><input type=\"hidden\" name=\"url_referer\" value=\"\"><button type=\"submit\" name=\"wpforms[submit]\" id=\"wpforms-submit-872\" class=\"wpforms-submit\" data-alt-text=\"Pieni hetki...\" data-submit-text=\"Ilmoittaudu\" aria-live=\"assertive\" value=\"wpforms-submit\">Ilmoittaudu<\/button><img loading=\"lazy\" decoding=\"async\" src=\"https:\/\/www.hitsauskurssi.fi\/wp-content\/plugins\/wpforms-lite\/assets\/images\/submit-spin.svg\" class=\"wpforms-submit-spinner\" style=\"display: none;\" width=\"26\" height=\"26\" alt=\"Loading\"><\/div><\/form><\/div>  <!-- .wpforms-container --><\/div>\n","protected":false},"excerpt":{"rendered":"<p>Kurssikalenteri T\u00e4\u00e4lt\u00e4 l\u00f6yd\u00e4t tulevien kurssien p\u00e4iv\u00e4m\u00e4\u00e4r\u00e4t ja ilmottautumislomakkeen. Tulevat kurssit Vantaan Mittatiell\u00e4: Ke 17.9.2025 Paikkoja varattu: 3 \/ 5 Ti 21.4.2026 Paikkoja varattu: 2 \/ 5 Ti 26.5.2026 Paikkoja varattu: 0 \/ 5 Jos kalenterissa ei ole itsellesi sopivaa p\u00e4iv\u00e4\u00e4, niin LIITY S\u00c4HK\u00d6POSTILISTALLE ja saat tiedon uusista kurssip\u00e4ivist\u00e4 ensimm\u00e4isen\u00e4. Voit tilata kurssin my\u00f6s omiin tiloihisi [&hellip;]<\/p>\n","protected":false},"author":1,"featured_media":0,"parent":0,"menu_order":0,"comment_status":"closed","ping_status":"closed","template":"","meta":{"om_disable_all_campaigns":false,"_themeisle_gutenberg_block_has_review":false,"footnotes":""},"class_list":["post-895","page","type-page","status-publish","hentry"],"aioseo_notices":[],"_links":{"self":[{"href":"https:\/\/www.hitsauskurssi.fi\/en\/wp-json\/wp\/v2\/pages\/895","targetHints":{"allow":["GET"]}}],"collection":[{"href":"https:\/\/www.hitsauskurssi.fi\/en\/wp-json\/wp\/v2\/pages"}],"about":[{"href":"https:\/\/www.hitsauskurssi.fi\/en\/wp-json\/wp\/v2\/types\/page"}],"author":[{"embeddable":true,"href":"https:\/\/www.hitsauskurssi.fi\/en\/wp-json\/wp\/v2\/users\/1"}],"replies":[{"embeddable":true,"href":"https:\/\/www.hitsauskurssi.fi\/en\/wp-json\/wp\/v2\/comments?post=895"}],"version-history":[{"count":39,"href":"https:\/\/www.hitsauskurssi.fi\/en\/wp-json\/wp\/v2\/pages\/895\/revisions"}],"predecessor-version":[{"id":1408,"href":"https:\/\/www.hitsauskurssi.fi\/en\/wp-json\/wp\/v2\/pages\/895\/revisions\/1408"}],"wp:attachment":[{"href":"https:\/\/www.hitsauskurssi.fi\/en\/wp-json\/wp\/v2\/media?parent=895"}],"curies":[{"name":"wp","href":"https:\/\/api.w.org\/{rel}","templated":true}]}}