{"id":786,"date":"2025-02-11T19:43:22","date_gmt":"2025-02-11T16:43:22","guid":{"rendered":"https:\/\/www.hitsauskurssi.fi\/?page_id=786"},"modified":"2025-12-20T21:13:34","modified_gmt":"2025-12-20T18:13:34","slug":"tietosuojaseloste","status":"publish","type":"page","link":"https:\/\/www.hitsauskurssi.fi\/en\/tietosuojaseloste\/","title":{"rendered":"Privacy policy"},"content":{"rendered":"<nav class=\"has-medium-font-size is-responsive items-justified-center wp-block-navigation is-content-justification-center is-layout-flex wp-container-core-navigation-is-layout-a89b3969 wp-block-navigation-is-layout-flex\" aria-label=\"Navigation\" \n\t\t data-wp-interactive=\"core\/navigation\" data-wp-context='{\"overlayOpenedBy\":{\"click\":false,\"hover\":false,\"focus\":false},\"type\":\"overlay\",\"roleAttribute\":\"\",\"ariaLabel\":\"Menu\"}'><button aria-haspopup=\"dialog\" aria-label=\"Open menu\" class=\"wp-block-navigation__responsive-container-open\" \n\t\t\t\tdata-wp-on--click=\"actions.openMenuOnClick\"\n\t\t\t\tdata-wp-on--keydown=\"actions.handleMenuKeydown\"\n\t\t\t><svg width=\"24\" height=\"24\" xmlns=\"http:\/\/www.w3.org\/2000\/svg\" viewbox=\"0 0 24 24\" aria-hidden=\"true\" focusable=\"false\"><path d=\"M4 7.5h16v1.5H4z\"><\/path><path d=\"M4 15h16v1.5H4z\"><\/path><\/svg><\/button>\n\t\t\t\t<div class=\"wp-block-navigation__responsive-container\"  id=\"modal-1\" \n\t\t\t\tdata-wp-class--has-modal-open=\"state.isMenuOpen\"\n\t\t\t\tdata-wp-class--is-menu-open=\"state.isMenuOpen\"\n\t\t\t\tdata-wp-watch=\"callbacks.initMenu\"\n\t\t\t\tdata-wp-on--keydown=\"actions.handleMenuKeydown\"\n\t\t\t\tdata-wp-on--focusout=\"actions.handleMenuFocusout\"\n\t\t\t\ttabindex=\"-1\"\n\t\t\t>\n\t\t\t\t\t<div class=\"wp-block-navigation__responsive-close\" tabindex=\"-1\">\n\t\t\t\t\t\t<div class=\"wp-block-navigation__responsive-dialog\" \n\t\t\t\tdata-wp-bind--aria-modal=\"state.ariaModal\"\n\t\t\t\tdata-wp-bind--aria-label=\"state.ariaLabel\"\n\t\t\t\tdata-wp-bind--role=\"state.roleAttribute\"\n\t\t\t>\n\t\t\t\t\t\t\t<button aria-label=\"Close menu\" class=\"wp-block-navigation__responsive-container-close\" \n\t\t\t\tdata-wp-on--click=\"actions.closeMenuOnClick\"\n\t\t\t><svg xmlns=\"http:\/\/www.w3.org\/2000\/svg\" viewbox=\"0 0 24 24\" width=\"24\" height=\"24\" aria-hidden=\"true\" focusable=\"false\"><path d=\"m13.06 12 6.47-6.47-1.06-1.06L12 10.94 5.53 4.47 4.47 5.53 10.94 12l-6.47 6.47 1.06 1.06L12 13.06l6.47 6.47 1.06-1.06L13.06 12Z\"><\/path><\/svg><\/button>\n\t\t\t\t\t\t\t<div class=\"wp-block-navigation__responsive-container-content\" \n\t\t\t\tdata-wp-watch=\"callbacks.focusFirstElement\"\n\t\t\t id=\"modal-1-content\">\n\t\t\t\t\t\t\t\t<ul class=\"wp-block-navigation__container has-medium-font-size is-responsive items-justified-center wp-block-navigation has-medium-font-size\"><li class=\"has-medium-font-size wp-block-navigation-item is-style-default wp-block-navigation-link\"><a class=\"wp-block-navigation-item__content\"  href=\"https:\/\/www.hitsauskurssi.fi\/en\/\"><span class=\"wp-block-navigation-item__label\">Front page<\/span><\/a><\/li><li data-wp-context=\"{ &quot;submenuOpenedBy&quot;: { &quot;click&quot;: false, &quot;hover&quot;: false, &quot;focus&quot;: false }, &quot;type&quot;: &quot;submenu&quot;, &quot;modal&quot;: null, &quot;previousFocus&quot;: null }\" data-wp-interactive=\"core\/navigation\" data-wp-on--focusout=\"actions.handleMenuFocusout\" data-wp-on--keydown=\"actions.handleMenuKeydown\" data-wp-on--mouseenter=\"actions.openMenuOnHover\" data-wp-on--mouseleave=\"actions.closeMenuOnHover\" data-wp-watch=\"callbacks.initMenu\" tabindex=\"-1\" class=\"wp-block-navigation-item has-medium-font-size has-child open-on-hover-click wp-block-navigation-submenu\"><a class=\"wp-block-navigation-item__content\" href=\"https:\/\/www.hitsauskurssi.fi\/en\/hitsauskurssit\/\"><span class=\"wp-block-navigation-item__label\">Welding courses<\/span><\/a><button data-wp-bind--aria-expanded=\"state.isMenuOpen\" data-wp-on--click=\"actions.toggleMenuOnClick\" aria-label=\"Hitsauskurssit submenu\" class=\"wp-block-navigation__submenu-icon wp-block-navigation-submenu__toggle\" ><svg xmlns=\"http:\/\/www.w3.org\/2000\/svg\" width=\"12\" height=\"12\" viewbox=\"0 0 12 12\" fill=\"none\" aria-hidden=\"true\" focusable=\"false\"><path d=\"M1.50002 4L6.00002 8L10.5 4\" stroke-width=\"1.5\"><\/path><\/svg><\/button><ul data-wp-on--focus=\"actions.openMenuOnFocus\" class=\"wp-block-navigation__submenu-container wp-block-navigation-submenu\"><li class=\"has-medium-font-size wp-block-navigation-item wp-block-navigation-link\"><a class=\"wp-block-navigation-item__content\"  href=\"https:\/\/www.hitsauskurssi.fi\/en\/paketit-ryhmille\/\"><span class=\"wp-block-navigation-item__label\">Paketit ryhmille<\/span><\/a><\/li><li class=\"has-medium-font-size wp-block-navigation-item wp-block-navigation-link\"><a class=\"wp-block-navigation-item__content\"  href=\"https:\/\/www.hitsauskurssi.fi\/en\/kurssikalenteri\/\"><span class=\"wp-block-navigation-item__label\">Course calendar<\/span><\/a><\/li><li class=\"has-medium-font-size wp-block-navigation-item wp-block-navigation-link\"><a class=\"wp-block-navigation-item__content\"  href=\"https:\/\/www.hitsauskurssi.fi\/en\/hitsauskurssit\/\"><span class=\"wp-block-navigation-item__label\">Welding courses<\/span><\/a><\/li><li class=\"has-medium-font-size wp-block-navigation-item wp-block-navigation-link\"><a class=\"wp-block-navigation-item__content\"  href=\"https:\/\/www.hitsauskurssi.fi\/en\/basic\/\"><span class=\"wp-block-navigation-item__label\">Basic<\/span><\/a><\/li><li class=\"has-medium-font-size wp-block-navigation-item wp-block-navigation-link\"><a class=\"wp-block-navigation-item__content\"  href=\"https:\/\/www.hitsauskurssi.fi\/en\/basic-plus\/\"><span class=\"wp-block-navigation-item__label\">Basic Plus<\/span><\/a><\/li><li class=\"has-medium-font-size wp-block-navigation-item wp-block-navigation-link\"><a class=\"wp-block-navigation-item__content\"  href=\"https:\/\/www.hitsauskurssi.fi\/en\/premium\/\"><span class=\"wp-block-navigation-item__label\">Premium<\/span><\/a><\/li><\/ul><\/li><li class=\"has-medium-font-size wp-block-navigation-item wp-block-navigation-link\"><a class=\"wp-block-navigation-item__content\"  href=\"https:\/\/www.hitsauskurssi.fi\/en\/artikkelit\/\"><span class=\"wp-block-navigation-item__label\">Articles<\/span><\/a><\/li><li class=\"has-medium-font-size wp-block-navigation-item wp-block-navigation-link\"><a class=\"wp-block-navigation-item__content\"  href=\"https:\/\/www.hitsauskurssi.fi\/en\/hitsauskone-vuokraus\/\"><span class=\"wp-block-navigation-item__label\">Rental<\/span><\/a><\/li><li class=\"has-medium-font-size wp-block-navigation-item wp-block-navigation-link\"><a class=\"wp-block-navigation-item__content\"  href=\"https:\/\/www.hitsauskurssi.fi\/en\/yritys\/\"><span class=\"wp-block-navigation-item__label\">Company<\/span><\/a><\/li><li class=\"has-medium-font-size wp-block-navigation-item wp-block-navigation-link\"><a class=\"wp-block-navigation-item__content\"  href=\"https:\/\/www.hitsauskurssi.fi\/en\/yhteystiedot\/\"><span class=\"wp-block-navigation-item__label\">Contact info<\/span><\/a><\/li><\/ul>\n\t\t\t\t\t\t\t<\/div>\n\t\t\t\t\t\t<\/div>\n\t\t\t\t\t<\/div>\n\t\t\t\t<\/div><\/nav>\n\n\n<div style=\"height:100px\" aria-hidden=\"true\" class=\"wp-block-spacer\"><\/div>\n\n\n\n<h2 class=\"wp-block-heading has-body-font-family\">Privacy policy<\/h2>\n\n\n\n<p>Rekisterinpit\u00e4j\u00e4ll\u00e4 on tietosuoja-asetuksen mukaan velvollisuus informoida selke\u00e4ll\u00e4 tavalla rekister\u00f6ityj\u00e4. T\u00e4m\u00e4 tietosuojaseloste t\u00e4ytt\u00e4\u00e4 informointivelvoitteen.<\/p>\n\n\n\n<div style=\"height:50px\" aria-hidden=\"true\" class=\"wp-block-spacer\"><\/div>\n\n\n\n<ol class=\"wp-block-list\">\n<li><strong>Data Controller<\/strong><br><br>Ape\u2019s metalshop Oy<br>2614971-9<br>www.apesmetalshop.fi<br><br>Contact info:<br>Puistikkotie 5 A 8<br>04130 Sipoo<br><br><br><em>Contact Information for Matters Related to the Register:<\/em><br>Ape\u2019s metalshop Oy<br>Anssi Juvonen<br>0407607070<br>anssi.juvonen@apesmetalshop.fi<br><br><em>Data Protection Officer:<\/em><br>Ape\u2019s metalshop Oy<br>Anssi Juvonen<br>0407607070<br>anssi.juvonen@apesmetalshop.fi<\/li>\n<\/ol>\n\n\n\n<div style=\"height:50px\" aria-hidden=\"true\" class=\"wp-block-spacer\"><\/div>\n\n\n\n<hr class=\"wp-block-separator has-text-color has-base-2-color has-alpha-channel-opacity has-base-2-background-color has-background is-style-wide\"\/>\n\n\n\n<p>2. <strong>Rekisterin nimi<\/strong><\/p>\n\n\n\n<p>Hitsauskurssi.fi \u2013 asiakas- ja markkinointirekisteri<\/p>\n\n\n\n<div style=\"height:50px\" aria-hidden=\"true\" class=\"wp-block-spacer\"><\/div>\n\n\n\n<hr class=\"wp-block-separator has-text-color has-base-2-color has-alpha-channel-opacity has-base-2-background-color has-background is-style-wide\"\/>\n\n\n\n<p>3. <strong>Henkil\u00f6tietojen k\u00e4sittelyn tarkoitus ja oikeusperuste<\/strong><\/p>\n\n\n\n<p>Henkil\u00f6tietoja k\u00e4sitell\u00e4\u00e4n seuraaviin tarkoituksiin:<\/p>\n\n\n\n<ul class=\"wp-block-list\">\n<li>Asiakassuhteen hoitaminen ja yll\u00e4pito<\/li>\n\n\n\n<li>Kurssien myynti, tilausten k\u00e4sittely ja laskutus<\/li>\n\n\n\n<li>Yhteydenottoihin vastaaminen<\/li>\n\n\n\n<li>Asiakasviestint\u00e4 ja palveluun liittyv\u00e4 tiedottaminen<\/li>\n\n\n\n<li>Lakis\u00e4\u00e4teisten velvoitteiden t\u00e4ytt\u00e4minen<\/li>\n<\/ul>\n\n\n\n<p>Henkil\u00f6tietojen k\u00e4sittelyn oikeusperusteena on:<\/p>\n\n\n\n<ul class=\"wp-block-list\">\n<li><strong>Sopimus<\/strong> (kurssin ostaminen tai siihen ilmoittautuminen)<\/li>\n\n\n\n<li><strong>Oikeutettu etu<\/strong> (asiakassuhteen hoitaminen ja viestint\u00e4)<\/li>\n\n\n\n<li><strong>Suostumus<\/strong> (esimerkiksi uutiskirje, jos sellainen on tilattu)<\/li>\n\n\n\n<li><strong>Lakis\u00e4\u00e4teinen velvoite<\/strong> (kirjanpito<\/li>\n<\/ul>\n\n\n\n<div style=\"height:50px\" aria-hidden=\"true\" class=\"wp-block-spacer\"><\/div>\n\n\n\n<hr class=\"wp-block-separator has-text-color has-base-2-color has-alpha-channel-opacity has-base-2-background-color has-background is-style-wide\"\/>\n\n\n\n<p>4<strong>. Rekisterin tietosis\u00e4lt\u00f6\u00a0<\/strong><\/p>\n\n\n\n<p>Rekisteri voi sis\u00e4lt\u00e4\u00e4 seuraavia tietoja:<\/p>\n\n\n\n<ul class=\"wp-block-list\">\n<li>Asiakkaan itse antamat lis\u00e4tiedot<\/li>\n\n\n\n<li>Name<\/li>\n\n\n\n<li>Yrityksen nimi (yritysasiakkaat)<\/li>\n\n\n\n<li>S\u00e4hk\u00f6postiosoite<\/li>\n\n\n\n<li>[Your Phone Number]<\/li>\n\n\n\n<li>Laskutus- ja maksutiedot<\/li>\n\n\n\n<li>Ostohistoria ja kurssitiedot<\/li>\n<\/ul>\n\n\n\n<div style=\"height:50px\" aria-hidden=\"true\" class=\"wp-block-spacer\"><\/div>\n\n\n\n<hr class=\"wp-block-separator has-text-color has-base-2-color has-alpha-channel-opacity has-base-2-background-color has-background is-style-wide\"\/>\n\n\n\n<p><strong>5. Regular Sources of Data&nbsp;<\/strong><\/p>\n\n\n\n<p>Henkil\u00f6tiedot saadaan:<\/p>\n\n\n\n<ul class=\"wp-block-list\">\n<li>Rekister\u00f6idylt\u00e4 itselt\u00e4\u00e4n (esim. tilauksen tai yhteydenoton yhteydess\u00e4)<\/li>\n\n\n\n<li>Hitsauskurssi.fi-verkkosivujen lomakkeiden kautta<\/li>\n<\/ul>\n\n\n\n<div style=\"height:50px\" aria-hidden=\"true\" class=\"wp-block-spacer\"><\/div>\n\n\n\n<hr class=\"wp-block-separator has-text-color has-base-2-color has-alpha-channel-opacity has-base-2-background-color has-background is-style-wide\"\/>\n\n\n\n<p>6<strong>. Tietojen luovutukset ja siirrot<\/strong><\/p>\n\n\n\n<p>Henkil\u00f6tietoja <strong>ei luovuteta ulkopuolisille tahoille markkinointitarkoituksiin<\/strong>.<\/p>\n\n\n\n<p>Tietoja voidaan k\u00e4sitell\u00e4 palvelun toteuttamisen kannalta v\u00e4ltt\u00e4m\u00e4tt\u00f6mien palveluntarjoajien kautta, kuten:<\/p>\n\n\n\n<ul class=\"wp-block-list\">\n<li>Maksunv\u00e4litt\u00e4j\u00e4t<\/li>\n\n\n\n<li>Laskutus- ja kirjanpitoj\u00e4rjestelm\u00e4t<\/li>\n\n\n\n<li>Verkkosivualustan tekniset palveluntarjoajat<\/li>\n<\/ul>\n\n\n\n<p>Tietoja ei siirret\u00e4 EU:n tai ETA-alueen ulkopuolelle.<\/p>\n\n\n\n<div style=\"height:50px\" aria-hidden=\"true\" class=\"wp-block-spacer\"><\/div>\n\n\n\n<hr class=\"wp-block-separator has-text-color has-base-2-color has-alpha-channel-opacity has-base-2-background-color has-background is-style-wide\"\/>\n\n\n\n<p>7<strong>. Henkil\u00f6tietojen s\u00e4ilytysaika<\/strong><\/p>\n\n\n\n<p>Henkil\u00f6tietoja s\u00e4ilytet\u00e4\u00e4n:<\/p>\n\n\n\n<ul class=\"wp-block-list\">\n<li>Asiakassuhteen ajan<\/li>\n\n\n\n<li>T\u00e4m\u00e4n j\u00e4lkeen enint\u00e4\u00e4n niin kauan kuin se on tarpeen lakis\u00e4\u00e4teisten velvoitteiden (esim. kirjanpito) t\u00e4ytt\u00e4miseksi<\/li>\n<\/ul>\n\n\n\n<p>Markkinointirekisterin tiedot s\u00e4ilytet\u00e4\u00e4n, kunnes rekister\u00f6ity peruuttaa suostumuksensa.<\/p>\n\n\n\n<div style=\"height:50px\" aria-hidden=\"true\" class=\"wp-block-spacer\"><\/div>\n\n\n\n<hr class=\"wp-block-separator has-text-color has-base-2-color has-alpha-channel-opacity has-base-2-background-color has-background is-style-wide\"\/>\n\n\n\n<p>8<strong>. Rekisterin suojaus<\/strong><\/p>\n\n\n\n<p>Rekisterin tiedot on suojattu:<\/p>\n\n\n\n<ul class=\"wp-block-list\">\n<li>K\u00e4ytt\u00f6oikeudet on rajattu vain niille, joilla on ty\u00f6ns\u00e4 puolesta tarve k\u00e4sitell\u00e4 tietoja<\/li>\n\n\n\n<li>Palomuurein ja salasanoin<\/li>\n<\/ul>\n\n\n\n<div style=\"height:50px\" aria-hidden=\"true\" class=\"wp-block-spacer\"><\/div>\n\n\n\n<hr class=\"wp-block-separator has-text-color has-base-2-color has-alpha-channel-opacity has-base-2-background-color has-background is-style-wide\"\/>\n\n\n\n<p><strong>9. Rekister\u00f6idyn oikeudet<\/strong><\/p>\n\n\n\n<p>Rekister\u00f6idyll\u00e4 on oikeus:<\/p>\n\n\n\n<ul class=\"wp-block-list\">\n<li>Saada p\u00e4\u00e4sy omiin henkil\u00f6tietoihinsa<\/li>\n\n\n\n<li>Pyyt\u00e4\u00e4 tietojen oikaisua tai poistamista<\/li>\n\n\n\n<li>Vastustaa tai rajoittaa henkil\u00f6tietojen k\u00e4sittely\u00e4<\/li>\n\n\n\n<li>Peruuttaa antamansa suostumus<\/li>\n\n\n\n<li>Tehd\u00e4 valitus tietosuojavaltuutetulle<\/li>\n<\/ul>\n\n\n\n<p>Pyynn\u00f6t tulee l\u00e4hett\u00e4\u00e4 s\u00e4hk\u00f6postitse osoitteeseen: anssi.juvonen@apesmetalshop.fi<\/p>\n\n\n\n<div style=\"height:50px\" aria-hidden=\"true\" class=\"wp-block-spacer\"><\/div>\n\n\n\n<hr class=\"wp-block-separator has-text-color has-base-2-color has-alpha-channel-opacity has-base-2-background-color has-background is-style-wide\"\/>\n\n\n\n<p><strong>10. Ev\u00e4steet<\/strong><\/p>\n\n\n\n<p>Hitsauskurssi.fi-verkkosivusto k\u00e4ytt\u00e4\u00e4 ev\u00e4steit\u00e4 sivuston toiminnan ja k\u00e4ytt\u00f6kokemuksen parantamiseksi.<br>Ev\u00e4steiden avulla voidaan ker\u00e4t\u00e4 teknisi\u00e4 tietoja sivuston k\u00e4yt\u00f6st\u00e4, kuten sivulatauksia ja k\u00e4vij\u00e4m\u00e4\u00e4ri\u00e4.<\/p>\n\n\n\n<p>K\u00e4ytt\u00e4j\u00e4 voi halutessaan est\u00e4\u00e4 ev\u00e4steiden k\u00e4yt\u00f6n selaimensa asetuksista.<\/p>\n\n\n\n<div style=\"height:50px\" aria-hidden=\"true\" class=\"wp-block-spacer\"><\/div>\n\n\n\n<hr class=\"wp-block-separator has-text-color has-base-2-color has-alpha-channel-opacity has-base-2-background-color has-background is-style-wide\"\/>\n\n\n\n<p>11. <strong>Automaattinen p\u00e4\u00e4t\u00f6ksenteko ja profilointi<\/strong><\/p>\n\n\n\n<p>Henkil\u00f6tietoja ei k\u00e4ytet\u00e4 automaattiseen p\u00e4\u00e4t\u00f6ksentekoon tai profilointiin.<\/p>\n\n\n\n<div style=\"height:50px\" aria-hidden=\"true\" class=\"wp-block-spacer\"><\/div>\n\n\n\n<hr class=\"wp-block-separator has-text-color has-base-color has-alpha-channel-opacity has-base-background-color has-background is-style-wide\"\/>\n\n\n\n<p class=\"has-contrast-3-color has-text-color has-link-color has-small-font-size wp-elements-c65b555f29c6ba1472d1b1c216d07531\">Tietosuojaseloste  |  Hitsauskurssi.fi\u00ae  |  Ape&#8217;s metalshop Oy<\/p>","protected":false},"excerpt":{"rendered":"<p>Tietosuojaseloste Rekisterinpit\u00e4j\u00e4ll\u00e4 on tietosuoja-asetuksen mukaan velvollisuus informoida selke\u00e4ll\u00e4 tavalla rekister\u00f6ityj\u00e4. T\u00e4m\u00e4 tietosuojaseloste t\u00e4ytt\u00e4\u00e4 informointivelvoitteen. 2. Rekisterin nimi Hitsauskurssi.fi \u2013 asiakas- ja markkinointirekisteri 3. Henkil\u00f6tietojen k\u00e4sittelyn tarkoitus ja oikeusperuste Henkil\u00f6tietoja k\u00e4sitell\u00e4\u00e4n seuraaviin tarkoituksiin: Henkil\u00f6tietojen k\u00e4sittelyn oikeusperusteena on: 4. Rekisterin tietosis\u00e4lt\u00f6\u00a0 Rekisteri voi sis\u00e4lt\u00e4\u00e4 seuraavia tietoja: 5. S\u00e4\u00e4nn\u00f6nmukaiset tietol\u00e4hteet&nbsp; Henkil\u00f6tiedot saadaan: 6. Tietojen luovutukset ja siirrot Henkil\u00f6tietoja [&hellip;]<\/p>\n","protected":false},"author":1,"featured_media":0,"parent":0,"menu_order":0,"comment_status":"closed","ping_status":"closed","template":"","meta":{"om_disable_all_campaigns":false,"_themeisle_gutenberg_block_has_review":false,"footnotes":""},"class_list":["post-786","page","type-page","status-publish","hentry"],"aioseo_notices":[],"_links":{"self":[{"href":"https:\/\/www.hitsauskurssi.fi\/en\/wp-json\/wp\/v2\/pages\/786","targetHints":{"allow":["GET"]}}],"collection":[{"href":"https:\/\/www.hitsauskurssi.fi\/en\/wp-json\/wp\/v2\/pages"}],"about":[{"href":"https:\/\/www.hitsauskurssi.fi\/en\/wp-json\/wp\/v2\/types\/page"}],"author":[{"embeddable":true,"href":"https:\/\/www.hitsauskurssi.fi\/en\/wp-json\/wp\/v2\/users\/1"}],"replies":[{"embeddable":true,"href":"https:\/\/www.hitsauskurssi.fi\/en\/wp-json\/wp\/v2\/comments?post=786"}],"version-history":[{"count":6,"href":"https:\/\/www.hitsauskurssi.fi\/en\/wp-json\/wp\/v2\/pages\/786\/revisions"}],"predecessor-version":[{"id":1326,"href":"https:\/\/www.hitsauskurssi.fi\/en\/wp-json\/wp\/v2\/pages\/786\/revisions\/1326"}],"wp:attachment":[{"href":"https:\/\/www.hitsauskurssi.fi\/en\/wp-json\/wp\/v2\/media?parent=786"}],"curies":[{"name":"wp","href":"https:\/\/api.w.org\/{rel}","templated":true}]}}