{"id":447,"date":"2024-10-09T07:58:15","date_gmt":"2024-10-09T07:58:15","guid":{"rendered":"https:\/\/www.hitsauskurssi.fi\/?page_id=447"},"modified":"2026-01-01T00:03:45","modified_gmt":"2025-12-31T21:03:45","slug":"yritys","status":"publish","type":"page","link":"https:\/\/www.hitsauskurssi.fi\/en\/yritys\/","title":{"rendered":"Company"},"content":{"rendered":"<nav class=\"has-medium-font-size is-responsive items-justified-center wp-block-navigation is-content-justification-center is-layout-flex wp-container-core-navigation-is-layout-a89b3969 wp-block-navigation-is-layout-flex\" aria-label=\"Navigation\" \n\t\t data-wp-interactive=\"core\/navigation\" data-wp-context='{\"overlayOpenedBy\":{\"click\":false,\"hover\":false,\"focus\":false},\"type\":\"overlay\",\"roleAttribute\":\"\",\"ariaLabel\":\"Menu\"}'><button aria-haspopup=\"dialog\" aria-label=\"Open menu\" class=\"wp-block-navigation__responsive-container-open\" \n\t\t\t\tdata-wp-on--click=\"actions.openMenuOnClick\"\n\t\t\t\tdata-wp-on--keydown=\"actions.handleMenuKeydown\"\n\t\t\t><svg width=\"24\" height=\"24\" xmlns=\"http:\/\/www.w3.org\/2000\/svg\" viewbox=\"0 0 24 24\" aria-hidden=\"true\" focusable=\"false\"><path d=\"M4 7.5h16v1.5H4z\"><\/path><path d=\"M4 15h16v1.5H4z\"><\/path><\/svg><\/button>\n\t\t\t\t<div class=\"wp-block-navigation__responsive-container\"  id=\"modal-1\" \n\t\t\t\tdata-wp-class--has-modal-open=\"state.isMenuOpen\"\n\t\t\t\tdata-wp-class--is-menu-open=\"state.isMenuOpen\"\n\t\t\t\tdata-wp-watch=\"callbacks.initMenu\"\n\t\t\t\tdata-wp-on--keydown=\"actions.handleMenuKeydown\"\n\t\t\t\tdata-wp-on--focusout=\"actions.handleMenuFocusout\"\n\t\t\t\ttabindex=\"-1\"\n\t\t\t>\n\t\t\t\t\t<div class=\"wp-block-navigation__responsive-close\" tabindex=\"-1\">\n\t\t\t\t\t\t<div class=\"wp-block-navigation__responsive-dialog\" \n\t\t\t\tdata-wp-bind--aria-modal=\"state.ariaModal\"\n\t\t\t\tdata-wp-bind--aria-label=\"state.ariaLabel\"\n\t\t\t\tdata-wp-bind--role=\"state.roleAttribute\"\n\t\t\t>\n\t\t\t\t\t\t\t<button aria-label=\"Close menu\" class=\"wp-block-navigation__responsive-container-close\" \n\t\t\t\tdata-wp-on--click=\"actions.closeMenuOnClick\"\n\t\t\t><svg xmlns=\"http:\/\/www.w3.org\/2000\/svg\" viewbox=\"0 0 24 24\" width=\"24\" height=\"24\" aria-hidden=\"true\" focusable=\"false\"><path d=\"m13.06 12 6.47-6.47-1.06-1.06L12 10.94 5.53 4.47 4.47 5.53 10.94 12l-6.47 6.47 1.06 1.06L12 13.06l6.47 6.47 1.06-1.06L13.06 12Z\"><\/path><\/svg><\/button>\n\t\t\t\t\t\t\t<div class=\"wp-block-navigation__responsive-container-content\" \n\t\t\t\tdata-wp-watch=\"callbacks.focusFirstElement\"\n\t\t\t id=\"modal-1-content\">\n\t\t\t\t\t\t\t\t<ul class=\"wp-block-navigation__container has-medium-font-size is-responsive items-justified-center wp-block-navigation has-medium-font-size\"><li class=\"has-medium-font-size wp-block-navigation-item is-style-default wp-block-navigation-link\"><a class=\"wp-block-navigation-item__content\"  href=\"https:\/\/www.hitsauskurssi.fi\/en\/\"><span class=\"wp-block-navigation-item__label\">Front page<\/span><\/a><\/li><li data-wp-context=\"{ &quot;submenuOpenedBy&quot;: { &quot;click&quot;: false, &quot;hover&quot;: false, &quot;focus&quot;: false }, &quot;type&quot;: &quot;submenu&quot;, &quot;modal&quot;: null, &quot;previousFocus&quot;: null }\" data-wp-interactive=\"core\/navigation\" data-wp-on--focusout=\"actions.handleMenuFocusout\" data-wp-on--keydown=\"actions.handleMenuKeydown\" data-wp-on--mouseenter=\"actions.openMenuOnHover\" data-wp-on--mouseleave=\"actions.closeMenuOnHover\" data-wp-watch=\"callbacks.initMenu\" tabindex=\"-1\" class=\"wp-block-navigation-item has-medium-font-size has-child open-on-hover-click wp-block-navigation-submenu\"><a class=\"wp-block-navigation-item__content\" href=\"https:\/\/www.hitsauskurssi.fi\/en\/hitsauskurssit\/\"><span class=\"wp-block-navigation-item__label\">Welding courses<\/span><\/a><button data-wp-bind--aria-expanded=\"state.isMenuOpen\" data-wp-on--click=\"actions.toggleMenuOnClick\" aria-label=\"Hitsauskurssit submenu\" class=\"wp-block-navigation__submenu-icon wp-block-navigation-submenu__toggle\" ><svg xmlns=\"http:\/\/www.w3.org\/2000\/svg\" width=\"12\" height=\"12\" viewbox=\"0 0 12 12\" fill=\"none\" aria-hidden=\"true\" focusable=\"false\"><path d=\"M1.50002 4L6.00002 8L10.5 4\" stroke-width=\"1.5\"><\/path><\/svg><\/button><ul data-wp-on--focus=\"actions.openMenuOnFocus\" class=\"wp-block-navigation__submenu-container wp-block-navigation-submenu\"><li class=\"has-medium-font-size wp-block-navigation-item wp-block-navigation-link\"><a class=\"wp-block-navigation-item__content\"  href=\"https:\/\/www.hitsauskurssi.fi\/en\/paketit-ryhmille\/\"><span class=\"wp-block-navigation-item__label\">Paketit ryhmille<\/span><\/a><\/li><li class=\"has-medium-font-size wp-block-navigation-item wp-block-navigation-link\"><a class=\"wp-block-navigation-item__content\"  href=\"https:\/\/www.hitsauskurssi.fi\/en\/kurssikalenteri\/\"><span class=\"wp-block-navigation-item__label\">Course calendar<\/span><\/a><\/li><li class=\"has-medium-font-size wp-block-navigation-item wp-block-navigation-link\"><a class=\"wp-block-navigation-item__content\"  href=\"https:\/\/www.hitsauskurssi.fi\/en\/hitsauskurssit\/\"><span class=\"wp-block-navigation-item__label\">Welding courses<\/span><\/a><\/li><li class=\"has-medium-font-size wp-block-navigation-item wp-block-navigation-link\"><a class=\"wp-block-navigation-item__content\"  href=\"https:\/\/www.hitsauskurssi.fi\/en\/basic\/\"><span class=\"wp-block-navigation-item__label\">Basic<\/span><\/a><\/li><li class=\"has-medium-font-size wp-block-navigation-item wp-block-navigation-link\"><a class=\"wp-block-navigation-item__content\"  href=\"https:\/\/www.hitsauskurssi.fi\/en\/basic-plus\/\"><span class=\"wp-block-navigation-item__label\">Basic Plus<\/span><\/a><\/li><li class=\"has-medium-font-size wp-block-navigation-item wp-block-navigation-link\"><a class=\"wp-block-navigation-item__content\"  href=\"https:\/\/www.hitsauskurssi.fi\/en\/premium\/\"><span class=\"wp-block-navigation-item__label\">Premium<\/span><\/a><\/li><\/ul><\/li><li class=\"has-medium-font-size wp-block-navigation-item wp-block-navigation-link\"><a class=\"wp-block-navigation-item__content\"  href=\"https:\/\/www.hitsauskurssi.fi\/en\/artikkelit\/\"><span class=\"wp-block-navigation-item__label\">Articles<\/span><\/a><\/li><li class=\"has-medium-font-size wp-block-navigation-item wp-block-navigation-link\"><a class=\"wp-block-navigation-item__content\"  href=\"https:\/\/www.hitsauskurssi.fi\/en\/hitsauskone-vuokraus\/\"><span class=\"wp-block-navigation-item__label\">Rental<\/span><\/a><\/li><li class=\"has-medium-font-size wp-block-navigation-item wp-block-navigation-link\"><a class=\"wp-block-navigation-item__content\"  href=\"https:\/\/www.hitsauskurssi.fi\/en\/yritys\/\"><span class=\"wp-block-navigation-item__label\">Company<\/span><\/a><\/li><li class=\"has-medium-font-size wp-block-navigation-item wp-block-navigation-link\"><a class=\"wp-block-navigation-item__content\"  href=\"https:\/\/www.hitsauskurssi.fi\/en\/yhteystiedot\/\"><span class=\"wp-block-navigation-item__label\">Contact info<\/span><\/a><\/li><\/ul>\n\t\t\t\t\t\t\t<\/div>\n\t\t\t\t\t\t<\/div>\n\t\t\t\t\t<\/div>\n\t\t\t\t<\/div><\/nav>\n\n\n<div class=\"wp-block-cover alignfull has-aspect-ratio wp-duotone-duotone-5\" style=\"padding-top:var(--wp--preset--spacing--30);padding-bottom:var(--wp--preset--spacing--30);aspect-ratio:auto;min-height:unset;\"><img loading=\"lazy\" decoding=\"async\" width=\"1600\" height=\"800\" class=\"wp-block-cover__image-background wp-image-449\" alt=\"Ape's metalshop Oy\" src=\"https:\/\/www.hitsauskurssi.fi\/wp-content\/uploads\/2024\/10\/Yritys-cover.png\" data-object-fit=\"cover\" srcset=\"https:\/\/www.hitsauskurssi.fi\/wp-content\/uploads\/2024\/10\/Yritys-cover.png 1600w, https:\/\/www.hitsauskurssi.fi\/wp-content\/uploads\/2024\/10\/Yritys-cover-300x150.png 300w, https:\/\/www.hitsauskurssi.fi\/wp-content\/uploads\/2024\/10\/Yritys-cover-1024x512.png 1024w, https:\/\/www.hitsauskurssi.fi\/wp-content\/uploads\/2024\/10\/Yritys-cover-768x384.png 768w, https:\/\/www.hitsauskurssi.fi\/wp-content\/uploads\/2024\/10\/Yritys-cover-1536x768.png 1536w\" sizes=\"auto, (max-width: 1600px) 100vw, 1600px\" \/><span aria-hidden=\"true\" class=\"wp-block-cover__background has-contrast-background-color has-background-dim-60 has-background-dim\"><\/span><div class=\"wp-block-cover__inner-container is-layout-flow wp-block-cover-is-layout-flow\">\n<h1 class=\"wp-block-heading has-text-align-center has-body-font-family\">Company<\/h1>\n\n\n\n<div class=\"wp-block-group has-global-padding is-layout-constrained wp-container-core-group-is-layout-650790e1 wp-block-group-is-layout-constrained\">\n<p class=\"has-text-align-center\">Yritys Hitsauskurssi.fi\u00ae-tuotteen takana on Ape&#8217;s metalshop Oy<br>Vuonna 2014 perustettu kotimainen metallialan yritys<\/p>\n\n\n\n<div style=\"height:var(--wp--preset--spacing--10)\" aria-hidden=\"true\" class=\"wp-block-spacer\"><\/div>\n\n\n\n<div style=\"height:var(--wp--preset--spacing--10)\" aria-hidden=\"true\" class=\"wp-block-spacer\"><\/div>\n<\/div>\n<\/div><\/div>\n\n\n\n<div style=\"height:20px\" aria-hidden=\"true\" class=\"wp-block-spacer\"><\/div>\n\n\n\n<h2 class=\"wp-block-heading has-text-align-left has-system-sans-serif-font-family has-large-font-size\" style=\"font-style:normal;font-weight:100\">Ape\u2019s metalshop Oy<\/h2>\n\n\n\n<p class=\"has-contrast-3-color has-text-color has-link-color has-medium-font-size wp-elements-e0f8bc40bb5c931481baa19be21821b9\" style=\"margin-top:0;margin-bottom:0;padding-top:0;padding-bottom:0\">Y-tunnus 2614971-9<\/p>\n\n\n\n<ul class=\"wp-block-list\">\n<li>Perustettu vuonna 2014<\/li>\n\n\n\n<li>Pieni kotimainen metallialan toimija<\/li>\n\n\n\n<li>Nyky\u00e4\u00e4n yhden miehen yksikk\u00f6, aikaisemmin toiminut my\u00f6s ty\u00f6nantajana<\/li>\n<\/ul>\n\n\n\n<p><span style=\"text-decoration: underline;\"><a href=\"https:\/\/www.apesmetalshop.fi\/historia\/\" target=\"_blank\" rel=\"noopener\" title=\"\">Historia<\/a><\/span><\/p>\n\n\n\n<ul class=\"wp-block-list\">\n<li>Toiminta alkoi CNC- ja manuaalikoneistuksella<\/li>\n\n\n\n<li>Maine kasvoi erityisesti n\u00e4ytt\u00e4vill\u00e4 moottoripy\u00f6rien ja autojen spesiaalikomponenteilla, asiakaskuntaa paljon my\u00f6s teollisuudessa<\/li>\n\n\n\n<li>Nopeasti mukaan tuli my\u00f6s 3D-suunnittelu, MIG\/MAG-hitsaus, TIG-hitsaus, koneiden ja laitteiden korjaus, asennus- ja projektity\u00f6t<\/li>\n\n\n\n<li>Lue koko historia <a href=\"https:\/\/www.apesmetalshop.fi\/historia\/\" target=\"_blank\" rel=\"noopener\" title=\"\">HERE<\/a><\/li>\n<\/ul>\n\n\n\n<p><span style=\"text-decoration: underline;\">Nykyisyys<\/span><\/p>\n\n\n\n<ul class=\"wp-block-list\">\n<li>Omana tuotteena <a href=\"http:\/\/www.hitsauskurssi.fi\/en\/\" target=\"_blank\" rel=\"noopener\" title=\"\">Hitsauskurssi.fi<strong>\u00ae<\/strong><\/a>. Tehokas ja k\u00e4yt\u00e4nn\u00f6nl\u00e4heinen MIG\/MAG-hitsauksen peruskurssi<\/li>\n\n\n\n<li>Hitsaus- ja muutosty\u00f6t, korjaushitsaukset, ongelmanratkaisutilanteet, suunnittelu, konsultointi, koulutus<\/li>\n\n\n\n<li>Nyky\u00e4\u00e4n oma koneistuskalusto on j\u00e4\u00e4nyt pois, mutta koneistusty\u00f6t ovat mahdollisia alihankintaverkoston kautta tai asiakkaan omissa tiloissa<\/li>\n<\/ul>\n\n\n\n<div style=\"height:20px\" aria-hidden=\"true\" class=\"wp-block-spacer\"><\/div>\n\n\n\n<hr class=\"wp-block-separator has-text-color has-base-2-color has-alpha-channel-opacity has-base-2-background-color has-background is-style-wide\"\/>\n\n\n\n<div class=\"wp-block-group has-global-padding is-layout-constrained wp-block-group-is-layout-constrained\">\n<h2 class=\"wp-block-heading has-text-align-center has-system-sans-serif-font-family has-large-font-size\" id=\"kurssit_ja_hinnat\"><a href=\"\/en\/yhteystiedot\/\" title=\"\">Contact info<\/a><\/h2>\n\n\n\n<div style=\"height:var(--wp--preset--spacing--10)\" aria-hidden=\"true\" class=\"wp-block-spacer\"><\/div>\n\n\n\n<div class=\"wp-block-columns is-layout-flex wp-container-core-columns-is-layout-28f84493 wp-block-columns-is-layout-flex\">\n<div class=\"wp-block-column is-layout-flow wp-block-column-is-layout-flow\">\n<p class=\"has-contrast-3-color has-text-color has-link-color has-small-font-size wp-elements-baa0282198c32db5b9abcfaeb9708005\" style=\"font-style:italic;font-weight:400\">Ape\u2019s metalshop Oy<br>Mittatie 14, Vantaa<br>Anssi Juvonen<br>0407607070<br>anssi.juvonen@hitsauskurssi.fi<\/p>\n<\/div>\n\n\n\n<div class=\"wp-block-column is-layout-flow wp-block-column-is-layout-flow\">\n<figure class=\"wp-block-image size-full\"><img loading=\"lazy\" decoding=\"async\" width=\"895\" height=\"896\" src=\"https:\/\/www.hitsauskurssi.fi\/wp-content\/uploads\/2024\/10\/Ota-yhteytta-Ape2.png\" alt=\"Anssi Juvonen\" class=\"wp-image-441\" srcset=\"https:\/\/www.hitsauskurssi.fi\/wp-content\/uploads\/2024\/10\/Ota-yhteytta-Ape2.png 895w, https:\/\/www.hitsauskurssi.fi\/wp-content\/uploads\/2024\/10\/Ota-yhteytta-Ape2-300x300.png 300w, https:\/\/www.hitsauskurssi.fi\/wp-content\/uploads\/2024\/10\/Ota-yhteytta-Ape2-150x150.png 150w, https:\/\/www.hitsauskurssi.fi\/wp-content\/uploads\/2024\/10\/Ota-yhteytta-Ape2-768x769.png 768w\" sizes=\"auto, (max-width: 895px) 100vw, 895px\" \/><\/figure>\n<\/div>\n<\/div>\n\n\n\n<div style=\"height:var(--wp--preset--spacing--20)\" aria-hidden=\"true\" class=\"wp-block-spacer\"><\/div>\n\n\n\n<figure class=\"wp-block-image size-large\"><a href=\"https:\/\/maps.app.goo.gl\/TPU5JdRNd33B7ZNo6\"><img loading=\"lazy\" decoding=\"async\" width=\"1024\" height=\"575\" src=\"https:\/\/www.hitsauskurssi.fi\/wp-content\/uploads\/2024\/09\/Kartta-sijainti-1024x575.png\" alt=\"Hitsauskurssi.fi p\u00e4\u00e4maja\" class=\"wp-image-312\" srcset=\"https:\/\/www.hitsauskurssi.fi\/wp-content\/uploads\/2024\/09\/Kartta-sijainti-1024x575.png 1024w, https:\/\/www.hitsauskurssi.fi\/wp-content\/uploads\/2024\/09\/Kartta-sijainti-300x169.png 300w, https:\/\/www.hitsauskurssi.fi\/wp-content\/uploads\/2024\/09\/Kartta-sijainti-768x431.png 768w, https:\/\/www.hitsauskurssi.fi\/wp-content\/uploads\/2024\/09\/Kartta-sijainti-1536x863.png 1536w, https:\/\/www.hitsauskurssi.fi\/wp-content\/uploads\/2024\/09\/Kartta-sijainti.png 1577w\" sizes=\"auto, (max-width: 1024px) 100vw, 1024px\" \/><\/a><\/figure>\n\n\n\n<p class=\"has-text-align-center\">Click the picture to open location in Google Maps.<\/p>\n<\/div>\n\n\n\n<div style=\"height:var(--wp--preset--spacing--20)\" aria-hidden=\"true\" class=\"wp-block-spacer\"><\/div>\n\n\n\n<hr class=\"wp-block-separator has-text-color has-base-2-color has-alpha-channel-opacity has-base-2-background-color has-background is-style-wide\"\/>\n\n\n\n<div style=\"height:var(--wp--preset--spacing--10)\" aria-hidden=\"true\" class=\"wp-block-spacer\"><\/div>\n\n\n\n<h2 class=\"wp-block-heading has-text-align-center has-system-sans-serif-font-family has-large-font-size\" id=\"laskutustiedot\">Billing details<\/h2>\n\n\n\n<p class=\"has-text-align-center\">Invoices primarily as e-invoice, please.<\/p>\n\n\n\n<div style=\"height:var(--wp--preset--spacing--10)\" aria-hidden=\"true\" class=\"wp-block-spacer\"><\/div>\n\n\n\n<div class=\"wp-block-columns is-layout-flex wp-container-core-columns-is-layout-28f84493 wp-block-columns-is-layout-flex\">\n<div class=\"wp-block-column is-layout-flow wp-block-column-is-layout-flow\">\n<p class=\"has-text-align-right\">Company:<br>E-address \/ OVT:<br>Operator:<\/p>\n<\/div>\n\n\n\n<div class=\"wp-block-column is-layout-flow wp-block-column-is-layout-flow\">\n<p>Ape\u2019s metalshop Oy<br>003726149719<br>Apix Messaging Oy<\/p>\n<\/div>\n<\/div>\n\n\n\n<p><br><\/p>\n\n\n\n<p class=\"has-text-align-center\">Invoices by email are needed as PDF-files. Send them to:<br>anssi.juvonen@hitsauskurssi.fi<\/p>","protected":false},"excerpt":{"rendered":"<p>Ape&#8217;s metalshop Oy Y-tunnus 2614971-9 Historia Nykyisyys Yhteystiedot Ape&#8217;s metalshop OyMittatie 14, VantaaAnssi Juvonen0407607070anssi.juvonen@hitsauskurssi.fi Klikkaamalla kuvaa sijainti Google Mapsissa. Laskutustiedot Laskut ensisijaisesti verkkolaskuina, kiitos. Yritys:Verkkolaskuosoite:Operaattori: Ape&#8217;s metalshop Oy003726149719Apix Messaging Oy Laskut s\u00e4hk\u00f6postilla PDF-muodossa osoitteeseen:anssi.juvonen@hitsauskurssi.fi<\/p>","protected":false},"author":1,"featured_media":0,"parent":0,"menu_order":0,"comment_status":"closed","ping_status":"closed","template":"","meta":{"om_disable_all_campaigns":false,"_themeisle_gutenberg_block_has_review":false,"footnotes":""},"class_list":["post-447","page","type-page","status-publish","hentry"],"aioseo_notices":[],"_links":{"self":[{"href":"https:\/\/www.hitsauskurssi.fi\/en\/wp-json\/wp\/v2\/pages\/447","targetHints":{"allow":["GET"]}}],"collection":[{"href":"https:\/\/www.hitsauskurssi.fi\/en\/wp-json\/wp\/v2\/pages"}],"about":[{"href":"https:\/\/www.hitsauskurssi.fi\/en\/wp-json\/wp\/v2\/types\/page"}],"author":[{"embeddable":true,"href":"https:\/\/www.hitsauskurssi.fi\/en\/wp-json\/wp\/v2\/users\/1"}],"replies":[{"embeddable":true,"href":"https:\/\/www.hitsauskurssi.fi\/en\/wp-json\/wp\/v2\/comments?post=447"}],"version-history":[{"count":23,"href":"https:\/\/www.hitsauskurssi.fi\/en\/wp-json\/wp\/v2\/pages\/447\/revisions"}],"predecessor-version":[{"id":1335,"href":"https:\/\/www.hitsauskurssi.fi\/en\/wp-json\/wp\/v2\/pages\/447\/revisions\/1335"}],"wp:attachment":[{"href":"https:\/\/www.hitsauskurssi.fi\/en\/wp-json\/wp\/v2\/media?parent=447"}],"curies":[{"name":"wp","href":"https:\/\/api.w.org\/{rel}","templated":true}]}}