{"id":281,"date":"2024-09-25T06:53:37","date_gmt":"2024-09-25T06:53:37","guid":{"rendered":"https:\/\/www.hitsauskurssi.fi\/?page_id=281"},"modified":"2025-12-30T18:27:29","modified_gmt":"2025-12-30T15:27:29","slug":"artikkelit","status":"publish","type":"page","link":"https:\/\/www.hitsauskurssi.fi\/en\/artikkelit\/","title":{"rendered":"Articles"},"content":{"rendered":"<div class=\"wp-block-group has-contrast-background-color has-background has-global-padding is-layout-constrained wp-block-group-is-layout-constrained\"><nav class=\"has-medium-font-size is-responsive items-justified-center wp-block-navigation is-content-justification-center is-layout-flex wp-container-core-navigation-is-layout-a89b3969 wp-block-navigation-is-layout-flex\" aria-label=\"Navigation\" \n\t\t data-wp-interactive=\"core\/navigation\" data-wp-context='{\"overlayOpenedBy\":{\"click\":false,\"hover\":false,\"focus\":false},\"type\":\"overlay\",\"roleAttribute\":\"\",\"ariaLabel\":\"Menu\"}'><button aria-haspopup=\"dialog\" aria-label=\"Open menu\" class=\"wp-block-navigation__responsive-container-open\" \n\t\t\t\tdata-wp-on--click=\"actions.openMenuOnClick\"\n\t\t\t\tdata-wp-on--keydown=\"actions.handleMenuKeydown\"\n\t\t\t><svg width=\"24\" height=\"24\" xmlns=\"http:\/\/www.w3.org\/2000\/svg\" viewbox=\"0 0 24 24\" aria-hidden=\"true\" focusable=\"false\"><path d=\"M4 7.5h16v1.5H4z\"><\/path><path d=\"M4 15h16v1.5H4z\"><\/path><\/svg><\/button>\n\t\t\t\t<div class=\"wp-block-navigation__responsive-container\"  id=\"modal-1\" \n\t\t\t\tdata-wp-class--has-modal-open=\"state.isMenuOpen\"\n\t\t\t\tdata-wp-class--is-menu-open=\"state.isMenuOpen\"\n\t\t\t\tdata-wp-watch=\"callbacks.initMenu\"\n\t\t\t\tdata-wp-on--keydown=\"actions.handleMenuKeydown\"\n\t\t\t\tdata-wp-on--focusout=\"actions.handleMenuFocusout\"\n\t\t\t\ttabindex=\"-1\"\n\t\t\t>\n\t\t\t\t\t<div class=\"wp-block-navigation__responsive-close\" tabindex=\"-1\">\n\t\t\t\t\t\t<div class=\"wp-block-navigation__responsive-dialog\" \n\t\t\t\tdata-wp-bind--aria-modal=\"state.ariaModal\"\n\t\t\t\tdata-wp-bind--aria-label=\"state.ariaLabel\"\n\t\t\t\tdata-wp-bind--role=\"state.roleAttribute\"\n\t\t\t>\n\t\t\t\t\t\t\t<button aria-label=\"Close menu\" class=\"wp-block-navigation__responsive-container-close\" \n\t\t\t\tdata-wp-on--click=\"actions.closeMenuOnClick\"\n\t\t\t><svg xmlns=\"http:\/\/www.w3.org\/2000\/svg\" viewbox=\"0 0 24 24\" width=\"24\" height=\"24\" aria-hidden=\"true\" focusable=\"false\"><path d=\"m13.06 12 6.47-6.47-1.06-1.06L12 10.94 5.53 4.47 4.47 5.53 10.94 12l-6.47 6.47 1.06 1.06L12 13.06l6.47 6.47 1.06-1.06L13.06 12Z\"><\/path><\/svg><\/button>\n\t\t\t\t\t\t\t<div class=\"wp-block-navigation__responsive-container-content\" \n\t\t\t\tdata-wp-watch=\"callbacks.focusFirstElement\"\n\t\t\t id=\"modal-1-content\">\n\t\t\t\t\t\t\t\t<ul class=\"wp-block-navigation__container has-medium-font-size is-responsive items-justified-center wp-block-navigation has-medium-font-size\"><li class=\"has-medium-font-size wp-block-navigation-item is-style-default wp-block-navigation-link\"><a class=\"wp-block-navigation-item__content\"  href=\"https:\/\/www.hitsauskurssi.fi\/en\/\"><span class=\"wp-block-navigation-item__label\">Front page<\/span><\/a><\/li><li data-wp-context=\"{ &quot;submenuOpenedBy&quot;: { &quot;click&quot;: false, &quot;hover&quot;: false, &quot;focus&quot;: false }, &quot;type&quot;: &quot;submenu&quot;, &quot;modal&quot;: null, &quot;previousFocus&quot;: null }\" data-wp-interactive=\"core\/navigation\" data-wp-on--focusout=\"actions.handleMenuFocusout\" data-wp-on--keydown=\"actions.handleMenuKeydown\" data-wp-on--mouseenter=\"actions.openMenuOnHover\" data-wp-on--mouseleave=\"actions.closeMenuOnHover\" data-wp-watch=\"callbacks.initMenu\" tabindex=\"-1\" class=\"wp-block-navigation-item has-medium-font-size has-child open-on-hover-click wp-block-navigation-submenu\"><a class=\"wp-block-navigation-item__content\" href=\"https:\/\/www.hitsauskurssi.fi\/en\/hitsauskurssit\/\"><span class=\"wp-block-navigation-item__label\">Welding courses<\/span><\/a><button data-wp-bind--aria-expanded=\"state.isMenuOpen\" data-wp-on--click=\"actions.toggleMenuOnClick\" aria-label=\"Hitsauskurssit submenu\" class=\"wp-block-navigation__submenu-icon wp-block-navigation-submenu__toggle\" ><svg xmlns=\"http:\/\/www.w3.org\/2000\/svg\" width=\"12\" height=\"12\" viewbox=\"0 0 12 12\" fill=\"none\" aria-hidden=\"true\" focusable=\"false\"><path d=\"M1.50002 4L6.00002 8L10.5 4\" stroke-width=\"1.5\"><\/path><\/svg><\/button><ul data-wp-on--focus=\"actions.openMenuOnFocus\" class=\"wp-block-navigation__submenu-container wp-block-navigation-submenu\"><li class=\"has-medium-font-size wp-block-navigation-item wp-block-navigation-link\"><a class=\"wp-block-navigation-item__content\"  href=\"https:\/\/www.hitsauskurssi.fi\/en\/paketit-ryhmille\/\"><span class=\"wp-block-navigation-item__label\">Paketit ryhmille<\/span><\/a><\/li><li class=\"has-medium-font-size wp-block-navigation-item wp-block-navigation-link\"><a class=\"wp-block-navigation-item__content\"  href=\"https:\/\/www.hitsauskurssi.fi\/en\/kurssikalenteri\/\"><span class=\"wp-block-navigation-item__label\">Course calendar<\/span><\/a><\/li><li class=\"has-medium-font-size wp-block-navigation-item wp-block-navigation-link\"><a class=\"wp-block-navigation-item__content\"  href=\"https:\/\/www.hitsauskurssi.fi\/en\/hitsauskurssit\/\"><span class=\"wp-block-navigation-item__label\">Welding courses<\/span><\/a><\/li><li class=\"has-medium-font-size wp-block-navigation-item wp-block-navigation-link\"><a class=\"wp-block-navigation-item__content\"  href=\"https:\/\/www.hitsauskurssi.fi\/en\/basic\/\"><span class=\"wp-block-navigation-item__label\">Basic<\/span><\/a><\/li><li class=\"has-medium-font-size wp-block-navigation-item wp-block-navigation-link\"><a class=\"wp-block-navigation-item__content\"  href=\"https:\/\/www.hitsauskurssi.fi\/en\/basic-plus\/\"><span class=\"wp-block-navigation-item__label\">Basic Plus<\/span><\/a><\/li><li class=\"has-medium-font-size wp-block-navigation-item wp-block-navigation-link\"><a class=\"wp-block-navigation-item__content\"  href=\"https:\/\/www.hitsauskurssi.fi\/en\/premium\/\"><span class=\"wp-block-navigation-item__label\">Premium<\/span><\/a><\/li><\/ul><\/li><li class=\"has-medium-font-size wp-block-navigation-item wp-block-navigation-link\"><a class=\"wp-block-navigation-item__content\"  href=\"https:\/\/www.hitsauskurssi.fi\/en\/artikkelit\/\"><span class=\"wp-block-navigation-item__label\">Articles<\/span><\/a><\/li><li class=\"has-medium-font-size wp-block-navigation-item wp-block-navigation-link\"><a class=\"wp-block-navigation-item__content\"  href=\"https:\/\/www.hitsauskurssi.fi\/en\/hitsauskone-vuokraus\/\"><span class=\"wp-block-navigation-item__label\">Rental<\/span><\/a><\/li><li class=\"has-medium-font-size wp-block-navigation-item wp-block-navigation-link\"><a class=\"wp-block-navigation-item__content\"  href=\"https:\/\/www.hitsauskurssi.fi\/en\/yritys\/\"><span class=\"wp-block-navigation-item__label\">Company<\/span><\/a><\/li><li class=\"has-medium-font-size wp-block-navigation-item wp-block-navigation-link\"><a class=\"wp-block-navigation-item__content\"  href=\"https:\/\/www.hitsauskurssi.fi\/en\/yhteystiedot\/\"><span class=\"wp-block-navigation-item__label\">Contact info<\/span><\/a><\/li><\/ul>\n\t\t\t\t\t\t\t<\/div>\n\t\t\t\t\t\t<\/div>\n\t\t\t\t\t<\/div>\n\t\t\t\t<\/div><\/nav><\/div>\n\n\n\n<div style=\"height:10px\" aria-hidden=\"true\" class=\"wp-block-spacer\"><\/div>\n\n\n\n<h2 class=\"wp-block-heading has-text-align-center has-body-font-family has-xx-large-font-size\">Articles<\/h2>\n\n\n\n<p class=\"has-text-align-center\">The articles offer tips and insights on MIG\/MAG welding.<br>Aloittelijasta ammattilaiselle.<\/p>\n\n\n\n<div style=\"height:var(--wp--preset--spacing--20)\" aria-hidden=\"true\" class=\"wp-block-spacer\"><\/div>\n\n\n\n<figure class=\"wp-block-image size-large is-style-rounded animated fadeIn slower is-style-rounded--2\"><img loading=\"lazy\" decoding=\"async\" width=\"1024\" height=\"512\" src=\"https:\/\/www.hitsauskurssi.fi\/wp-content\/uploads\/2024\/09\/Artikkelit-kansi-1024x512.png\" alt=\"Artikkelit pohjautuvat kurssin oppikirjaan.\" class=\"wp-image-310\" srcset=\"https:\/\/www.hitsauskurssi.fi\/wp-content\/uploads\/2024\/09\/Artikkelit-kansi-1024x512.png 1024w, https:\/\/www.hitsauskurssi.fi\/wp-content\/uploads\/2024\/09\/Artikkelit-kansi-300x150.png 300w, https:\/\/www.hitsauskurssi.fi\/wp-content\/uploads\/2024\/09\/Artikkelit-kansi-768x384.png 768w, https:\/\/www.hitsauskurssi.fi\/wp-content\/uploads\/2024\/09\/Artikkelit-kansi.png 1200w\" sizes=\"auto, (max-width: 1024px) 100vw, 1024px\" \/><\/figure>\n\n\n\n<div style=\"height:var(--wp--preset--spacing--20)\" aria-hidden=\"true\" class=\"wp-block-spacer\"><\/div>\n\n\n\n<details class=\"wp-block-details is-style-default is-layout-flow wp-container-core-details-is-layout-22223934 wp-block-details-is-layout-flow\"><summary>What kind of weirdness are these articles?<\/summary>\n<p>Kurssin perustajan ja kouluttajan Anssi Juvosen tajunnan virtaa hitsauksesta ja hitsauksen vierest\u00e4. Osa teksteist\u00e4 on suoraan n\u00e4ille nettisivuille tuotettua originaalia sis\u00e4lt\u00f6\u00e4.<br><br>Muutamat julkaisut ovat otteita hitsauskurssilta saatavasta 75-sivuisesta opaskirjasta, joka on kirjoitettu kurssip\u00e4iv\u00e4n pohjalta. Kirjan tarkoitus on toimia muistin virkist\u00e4j\u00e4n\u00e4 kurssip\u00e4iv\u00e4n j\u00e4lkeen, yhdess\u00e4 p\u00e4iv\u00e4ss\u00e4 kun tulee melkoinen m\u00e4\u00e4r\u00e4 uutta tietoa ja kaikkea on mahdotonta muistaa.<\/p>\n<\/details>\n\n\n\n<div style=\"height:var(--wp--preset--spacing--20)\" aria-hidden=\"true\" class=\"wp-block-spacer\"><\/div>\n\n\n\n<hr class=\"wp-block-separator has-text-color has-base-2-color has-alpha-channel-opacity has-base-2-background-color has-background is-style-wide\"\/>\n\n\n\n<div class=\"wp-block-query is-layout-flow wp-block-query-is-layout-flow\"><ul class=\"wp-block-post-template is-layout-flow wp-container-core-post-template-is-layout-ea1fff98 wp-block-post-template-is-layout-flow\"><li class=\"wp-block-post post-640 post type-post status-publish format-standard hentry category-mig-mag-hitsauksen-perusteet category-miksi-mig-mag-hitsaus-on-paras-aloittelijalle\">\n\n<div class=\"wp-block-columns are-vertically-aligned-center is-layout-flex wp-container-core-columns-is-layout-3aff2936 wp-block-columns-is-layout-flex\" style=\"padding-top:var(--wp--preset--spacing--10);padding-bottom:var(--wp--preset--spacing--10);box-shadow:none\">\n<div class=\"wp-block-column is-vertically-aligned-center is-layout-flow wp-block-column-is-layout-flow\" style=\"flex-basis:25%\">\n<figure class=\"wp-block-image size-large is-style-rounded is-style-rounded--3\"><img loading=\"lazy\" decoding=\"async\" width=\"1024\" height=\"683\" src=\"https:\/\/www.hitsauskurssi.fi\/wp-content\/uploads\/2024\/06\/DSC03550-mod-web-1024x683.png\" alt=\"Hitsauskoneen s\u00e4\u00e4d\u00f6t\" class=\"wp-image-158\" srcset=\"https:\/\/www.hitsauskurssi.fi\/wp-content\/uploads\/2024\/06\/DSC03550-mod-web-1024x683.png 1024w, https:\/\/www.hitsauskurssi.fi\/wp-content\/uploads\/2024\/06\/DSC03550-mod-web-300x200.png 300w, https:\/\/www.hitsauskurssi.fi\/wp-content\/uploads\/2024\/06\/DSC03550-mod-web-768x512.png 768w, https:\/\/www.hitsauskurssi.fi\/wp-content\/uploads\/2024\/06\/DSC03550-mod-web.png 1500w\" sizes=\"auto, (max-width: 1024px) 100vw, 1024px\" \/><\/figure>\n<\/div>\n\n\n\n<div class=\"wp-block-column is-vertically-aligned-center is-layout-flow wp-block-column-is-layout-flow\" style=\"flex-basis:75%\">\n<p>MIG\/MAG welding basics:<\/p>\n\n\n<h2 class=\"wp-block-post-title has-large-font-size\"><a href=\"https:\/\/www.hitsauskurssi.fi\/en\/miksi-migmag-hitsaus\/\" target=\"_blank\" rel=\"https:\/\/www.hitsauskurssi.fi\/hitsauskoneen-saadot\/\">Why is MIG\/MAG welding best technique for beginners?<\/a><\/h2><\/div>\n<\/div>\n\n<\/li><li class=\"wp-block-post post-569 post type-post status-publish format-standard hentry category-hitsauskoneen-saataminen category-mig-mag-hitsauksen-perusteet\">\n\n<div class=\"wp-block-columns are-vertically-aligned-center is-layout-flex wp-container-core-columns-is-layout-3aff2936 wp-block-columns-is-layout-flex\" style=\"padding-top:var(--wp--preset--spacing--10);padding-bottom:var(--wp--preset--spacing--10);box-shadow:none\">\n<div class=\"wp-block-column is-vertically-aligned-center is-layout-flow wp-block-column-is-layout-flow\" style=\"flex-basis:25%\">\n<figure class=\"wp-block-image size-large is-style-rounded is-style-rounded--4\"><img loading=\"lazy\" decoding=\"async\" width=\"1024\" height=\"683\" src=\"https:\/\/www.hitsauskurssi.fi\/wp-content\/uploads\/2024\/06\/DSC03550-mod-web-1024x683.png\" alt=\"Hitsauskoneen s\u00e4\u00e4d\u00f6t\" class=\"wp-image-158\" srcset=\"https:\/\/www.hitsauskurssi.fi\/wp-content\/uploads\/2024\/06\/DSC03550-mod-web-1024x683.png 1024w, https:\/\/www.hitsauskurssi.fi\/wp-content\/uploads\/2024\/06\/DSC03550-mod-web-300x200.png 300w, https:\/\/www.hitsauskurssi.fi\/wp-content\/uploads\/2024\/06\/DSC03550-mod-web-768x512.png 768w, https:\/\/www.hitsauskurssi.fi\/wp-content\/uploads\/2024\/06\/DSC03550-mod-web.png 1500w\" sizes=\"auto, (max-width: 1024px) 100vw, 1024px\" \/><\/figure>\n<\/div>\n\n\n\n<div class=\"wp-block-column is-vertically-aligned-center is-layout-flow wp-block-column-is-layout-flow\" style=\"flex-basis:75%\">\n<p>MIG\/MAG welding basics:<\/p>\n\n\n<h2 class=\"wp-block-post-title has-large-font-size\"><a href=\"https:\/\/www.hitsauskurssi.fi\/en\/hitsauskoneen-saadot\/\" target=\"_blank\" rel=\"https:\/\/www.hitsauskurssi.fi\/hitsauskoneen-saadot\/\">Adjusting the welding machine<\/a><\/h2><\/div>\n<\/div>\n\n<\/li><\/ul><\/div>\n\n\n\n<hr class=\"wp-block-separator has-text-color has-base-2-color has-alpha-channel-opacity has-base-2-background-color has-background is-style-wide\"\/>\n\n\n\n<div class=\"wp-block-query is-layout-flow wp-block-query-is-layout-flow\"><ul class=\"wp-block-post-template is-layout-flow wp-container-core-post-template-is-layout-ea1fff98 wp-block-post-template-is-layout-flow\"><li class=\"wp-block-post post-303 post type-post status-publish format-standard hentry category-hitsauspistoolin-kasittely category-mig-mag-hitsauksen-perusteet\">\n\n<div class=\"wp-block-columns are-vertically-aligned-center is-layout-flex wp-container-core-columns-is-layout-3aff2936 wp-block-columns-is-layout-flex\" style=\"padding-top:var(--wp--preset--spacing--10);padding-bottom:var(--wp--preset--spacing--10);box-shadow:none\">\n<div class=\"wp-block-column is-vertically-aligned-center is-layout-flow wp-block-column-is-layout-flow\" style=\"flex-basis:25%\">\n<figure class=\"wp-block-image size-large is-style-rounded is-style-rounded--5\"><img loading=\"lazy\" decoding=\"async\" width=\"1024\" height=\"444\" src=\"https:\/\/www.hitsauskurssi.fi\/wp-content\/uploads\/2024\/09\/DSC03527-blog-1024x444.png\" alt=\"MIG\/MAG-hitsaus\" class=\"wp-image-274\" srcset=\"https:\/\/www.hitsauskurssi.fi\/wp-content\/uploads\/2024\/09\/DSC03527-blog-1024x444.png 1024w, https:\/\/www.hitsauskurssi.fi\/wp-content\/uploads\/2024\/09\/DSC03527-blog-300x130.png 300w, https:\/\/www.hitsauskurssi.fi\/wp-content\/uploads\/2024\/09\/DSC03527-blog-768x333.png 768w, https:\/\/www.hitsauskurssi.fi\/wp-content\/uploads\/2024\/09\/DSC03527-blog-1536x666.png 1536w, https:\/\/www.hitsauskurssi.fi\/wp-content\/uploads\/2024\/09\/DSC03527-blog-2048x887.png 2048w\" sizes=\"auto, (max-width: 1024px) 100vw, 1024px\" \/><\/figure>\n<\/div>\n\n\n\n<div class=\"wp-block-column is-vertically-aligned-center is-layout-flow wp-block-column-is-layout-flow\" style=\"flex-basis:75%\">\n<p>Welding torch handling:<\/p>\n\n\n<h2 class=\"wp-block-post-title has-large-font-size\"><a href=\"https:\/\/www.hitsauskurssi.fi\/en\/suuttimen-etaisyys-hitsauskohteesta\/\" target=\"_blank\" >Contact tip to workpiece distance<\/a><\/h2><\/div>\n<\/div>\n\n<\/li><li class=\"wp-block-post post-295 post type-post status-publish format-standard hentry category-hitsauspistoolin-kasittely category-mig-mag-hitsauksen-perusteet\">\n\n<div class=\"wp-block-columns are-vertically-aligned-center is-layout-flex wp-container-core-columns-is-layout-3aff2936 wp-block-columns-is-layout-flex\" style=\"padding-top:var(--wp--preset--spacing--10);padding-bottom:var(--wp--preset--spacing--10);box-shadow:none\">\n<div class=\"wp-block-column is-vertically-aligned-center is-layout-flow wp-block-column-is-layout-flow\" style=\"flex-basis:25%\">\n<figure class=\"wp-block-image size-large is-style-rounded is-style-rounded--6\"><img loading=\"lazy\" decoding=\"async\" width=\"1024\" height=\"444\" src=\"https:\/\/www.hitsauskurssi.fi\/wp-content\/uploads\/2024\/09\/DSC03527-blog-1024x444.png\" alt=\"MIG\/MAG-hitsaus\" class=\"wp-image-274\" srcset=\"https:\/\/www.hitsauskurssi.fi\/wp-content\/uploads\/2024\/09\/DSC03527-blog-1024x444.png 1024w, https:\/\/www.hitsauskurssi.fi\/wp-content\/uploads\/2024\/09\/DSC03527-blog-300x130.png 300w, https:\/\/www.hitsauskurssi.fi\/wp-content\/uploads\/2024\/09\/DSC03527-blog-768x333.png 768w, https:\/\/www.hitsauskurssi.fi\/wp-content\/uploads\/2024\/09\/DSC03527-blog-1536x666.png 1536w, https:\/\/www.hitsauskurssi.fi\/wp-content\/uploads\/2024\/09\/DSC03527-blog-2048x887.png 2048w\" sizes=\"auto, (max-width: 1024px) 100vw, 1024px\" \/><\/figure>\n<\/div>\n\n\n\n<div class=\"wp-block-column is-vertically-aligned-center is-layout-flow wp-block-column-is-layout-flow\" style=\"flex-basis:75%\">\n<p>Welding torch handling:<\/p>\n\n\n<h2 class=\"wp-block-post-title has-large-font-size\"><a href=\"https:\/\/www.hitsauskurssi.fi\/en\/hitsauspistoolin-kulma\/\" target=\"_blank\" >Welding torch work angle<\/a><\/h2><\/div>\n<\/div>\n\n<\/li><li class=\"wp-block-post post-270 post type-post status-publish format-standard hentry category-hitsauspistoolin-kasittely category-mig-mag-hitsauksen-perusteet\">\n\n<div class=\"wp-block-columns are-vertically-aligned-center is-layout-flex wp-container-core-columns-is-layout-3aff2936 wp-block-columns-is-layout-flex\" style=\"padding-top:var(--wp--preset--spacing--10);padding-bottom:var(--wp--preset--spacing--10);box-shadow:none\">\n<div class=\"wp-block-column is-vertically-aligned-center is-layout-flow wp-block-column-is-layout-flow\" style=\"flex-basis:25%\">\n<figure class=\"wp-block-image size-large is-style-rounded is-style-rounded--7\"><img loading=\"lazy\" decoding=\"async\" width=\"1024\" height=\"444\" src=\"https:\/\/www.hitsauskurssi.fi\/wp-content\/uploads\/2024\/09\/DSC03527-blog-1024x444.png\" alt=\"MIG\/MAG-hitsaus\" class=\"wp-image-274\" srcset=\"https:\/\/www.hitsauskurssi.fi\/wp-content\/uploads\/2024\/09\/DSC03527-blog-1024x444.png 1024w, https:\/\/www.hitsauskurssi.fi\/wp-content\/uploads\/2024\/09\/DSC03527-blog-300x130.png 300w, https:\/\/www.hitsauskurssi.fi\/wp-content\/uploads\/2024\/09\/DSC03527-blog-768x333.png 768w, https:\/\/www.hitsauskurssi.fi\/wp-content\/uploads\/2024\/09\/DSC03527-blog-1536x666.png 1536w, https:\/\/www.hitsauskurssi.fi\/wp-content\/uploads\/2024\/09\/DSC03527-blog-2048x887.png 2048w\" sizes=\"auto, (max-width: 1024px) 100vw, 1024px\" \/><\/figure>\n<\/div>\n\n\n\n<div class=\"wp-block-column is-vertically-aligned-center is-layout-flow wp-block-column-is-layout-flow\" style=\"flex-basis:75%\">\n<p>Welding torch handling:<\/p>\n\n\n<h2 class=\"wp-block-post-title has-large-font-size\"><a href=\"https:\/\/www.hitsauskurssi.fi\/en\/vetamalla-vai-tyontamalla\/\" target=\"_blank\" >Push or pull?<\/a><\/h2><\/div>\n<\/div>\n\n<\/li><\/ul><\/div>\n\n\n\n<hr class=\"wp-block-separator has-text-color has-base-2-color has-alpha-channel-opacity has-base-2-background-color has-background is-style-wide\"\/>\n\n\n\n<div class=\"wp-block-query is-layout-flow wp-block-query-is-layout-flow\"><ul class=\"wp-block-post-template is-layout-flow wp-container-core-post-template-is-layout-ea1fff98 wp-block-post-template-is-layout-flow\"><li class=\"wp-block-post post-1065 post type-post status-publish format-standard hentry category-kuinka-nopeasti category-mig-mag-hitsauksen-perusteet\">\n\n<div class=\"wp-block-columns are-vertically-aligned-center is-layout-flex wp-container-core-columns-is-layout-3aff2936 wp-block-columns-is-layout-flex\" style=\"padding-top:var(--wp--preset--spacing--10);padding-bottom:var(--wp--preset--spacing--10);box-shadow:none\">\n<div class=\"wp-block-column is-vertically-aligned-center is-layout-flow wp-block-column-is-layout-flow\" style=\"flex-basis:25%\">\n<figure class=\"wp-block-image size-large is-style-rounded is-style-rounded--8\"><img loading=\"lazy\" decoding=\"async\" width=\"1024\" height=\"683\" src=\"https:\/\/www.hitsauskurssi.fi\/wp-content\/uploads\/2025\/08\/DSC04096-1024x683.png\" alt=\"Kuinka nopeasti oppii hitsaamaan?\" class=\"wp-image-1107\" srcset=\"https:\/\/www.hitsauskurssi.fi\/wp-content\/uploads\/2025\/08\/DSC04096-1024x683.png 1024w, https:\/\/www.hitsauskurssi.fi\/wp-content\/uploads\/2025\/08\/DSC04096-300x200.png 300w, https:\/\/www.hitsauskurssi.fi\/wp-content\/uploads\/2025\/08\/DSC04096-768x512.png 768w, https:\/\/www.hitsauskurssi.fi\/wp-content\/uploads\/2025\/08\/DSC04096-18x12.png 18w, https:\/\/www.hitsauskurssi.fi\/wp-content\/uploads\/2025\/08\/DSC04096.png 1500w\" sizes=\"auto, (max-width: 1024px) 100vw, 1024px\" \/><\/figure>\n<\/div>\n\n\n\n<div class=\"wp-block-column is-vertically-aligned-center is-layout-flow wp-block-column-is-layout-flow\" style=\"flex-basis:75%\">\n<p>Other welding related topics:<\/p>\n\n\n<h2 class=\"wp-block-post-title has-large-font-size\"><a href=\"https:\/\/www.hitsauskurssi.fi\/en\/kuinka-nopeasti-oppii-hitsaamaan\/\" target=\"_blank\" >How quickly can you learn welding?<\/a><\/h2><\/div>\n<\/div>\n\n<\/li><\/ul><\/div>\n\n\n\n<div class=\"wp-block-query is-layout-flow wp-block-query-is-layout-flow\"><ul class=\"wp-block-post-template is-layout-flow wp-container-core-post-template-is-layout-ea1fff98 wp-block-post-template-is-layout-flow\"><li class=\"wp-block-post post-719 post type-post status-publish format-standard hentry category-hitsauspoyta\">\n\n<div class=\"wp-block-columns are-vertically-aligned-center is-layout-flex wp-container-core-columns-is-layout-3aff2936 wp-block-columns-is-layout-flex\" style=\"padding-top:var(--wp--preset--spacing--10);padding-bottom:var(--wp--preset--spacing--10);box-shadow:none\">\n<div class=\"wp-block-column is-vertically-aligned-center is-layout-flow wp-block-column-is-layout-flow\" style=\"flex-basis:25%\">\n<figure class=\"wp-block-image size-large is-style-rounded is-style-rounded--9\"><img loading=\"lazy\" decoding=\"async\" width=\"1024\" height=\"683\" src=\"https:\/\/www.hitsauskurssi.fi\/wp-content\/uploads\/2024\/07\/DSC03726-mod-1024x683.png\" alt=\"Hitsausp\u00f6yt\u00e4\" class=\"wp-image-212\" srcset=\"https:\/\/www.hitsauskurssi.fi\/wp-content\/uploads\/2024\/07\/DSC03726-mod-1024x683.png 1024w, https:\/\/www.hitsauskurssi.fi\/wp-content\/uploads\/2024\/07\/DSC03726-mod-300x200.png 300w, https:\/\/www.hitsauskurssi.fi\/wp-content\/uploads\/2024\/07\/DSC03726-mod-768x512.png 768w, https:\/\/www.hitsauskurssi.fi\/wp-content\/uploads\/2024\/07\/DSC03726-mod-1536x1024.png 1536w, https:\/\/www.hitsauskurssi.fi\/wp-content\/uploads\/2024\/07\/DSC03726-mod-2048x1365.png 2048w\" sizes=\"auto, (max-width: 1024px) 100vw, 1024px\" \/><\/figure>\n<\/div>\n\n\n\n<div class=\"wp-block-column is-vertically-aligned-center is-layout-flow wp-block-column-is-layout-flow\" style=\"flex-basis:75%\">\n<p>Other welding related topics:<\/p>\n\n\n<h2 class=\"wp-block-post-title has-large-font-size\"><a href=\"https:\/\/www.hitsauskurssi.fi\/en\/hitsauspoyta\/\" target=\"_blank\" >Make your own welding table!<\/a><\/h2><\/div>\n<\/div>\n\n<\/li><\/ul><\/div>\n\n\n\n<div class=\"wp-block-query is-layout-flow wp-block-query-is-layout-flow\"><ul class=\"wp-block-post-template is-layout-flow wp-container-core-post-template-is-layout-ea1fff98 wp-block-post-template-is-layout-flow\"><li class=\"wp-block-post post-832 post type-post status-publish format-standard hentry category-korjaushitsaus category-mig-mag-hitsauksen-perusteet\">\n\n<div class=\"wp-block-columns are-vertically-aligned-center is-layout-flex wp-container-core-columns-is-layout-3aff2936 wp-block-columns-is-layout-flex\" style=\"padding-top:var(--wp--preset--spacing--10);padding-bottom:var(--wp--preset--spacing--10);box-shadow:none\">\n<div class=\"wp-block-column is-vertically-aligned-center is-layout-flow wp-block-column-is-layout-flow\" style=\"flex-basis:25%\">\n<figure class=\"wp-block-image size-large is-style-rounded is-style-rounded--10\"><img loading=\"lazy\" decoding=\"async\" width=\"1024\" height=\"683\" src=\"https:\/\/www.hitsauskurssi.fi\/wp-content\/uploads\/2025\/02\/Kansikuva-1024x683.png\" alt=\"\" class=\"wp-image-833\" srcset=\"https:\/\/www.hitsauskurssi.fi\/wp-content\/uploads\/2025\/02\/Kansikuva-1024x683.png 1024w, https:\/\/www.hitsauskurssi.fi\/wp-content\/uploads\/2025\/02\/Kansikuva-300x200.png 300w, https:\/\/www.hitsauskurssi.fi\/wp-content\/uploads\/2025\/02\/Kansikuva-768x512.png 768w, https:\/\/www.hitsauskurssi.fi\/wp-content\/uploads\/2025\/02\/Kansikuva-18x12.png 18w, https:\/\/www.hitsauskurssi.fi\/wp-content\/uploads\/2025\/02\/Kansikuva.png 1500w\" sizes=\"auto, (max-width: 1024px) 100vw, 1024px\" \/><\/figure>\n<\/div>\n\n\n\n<div class=\"wp-block-column is-vertically-aligned-center is-layout-flow wp-block-column-is-layout-flow\" style=\"flex-basis:75%\">\n<p>Other welding related topics:<\/p>\n\n\n<h2 class=\"wp-block-post-title has-large-font-size\"><a href=\"https:\/\/www.hitsauskurssi.fi\/en\/korjaushitsaus-kaytannon-esimerkilla\/\" target=\"_blank\" >Repair welding with a practical example<\/a><\/h2><\/div>\n<\/div>\n\n<\/li><\/ul><\/div>\n\n\n\n<hr class=\"wp-block-separator has-text-color has-base-2-color has-alpha-channel-opacity has-base-2-background-color has-background is-style-wide\"\/>","protected":false},"excerpt":{"rendered":"<p>Artikkelit Artikkelit tarjoavat vinkkej\u00e4 ja ajatuksia MIG\/MAG-hitsauksesta.Aloittelijasta ammattilaiselle.<\/p>","protected":false},"author":1,"featured_media":0,"parent":0,"menu_order":0,"comment_status":"closed","ping_status":"closed","template":"","meta":{"om_disable_all_campaigns":false,"_themeisle_gutenberg_block_has_review":false,"footnotes":""},"class_list":["post-281","page","type-page","status-publish","hentry"],"aioseo_notices":[],"_links":{"self":[{"href":"https:\/\/www.hitsauskurssi.fi\/en\/wp-json\/wp\/v2\/pages\/281","targetHints":{"allow":["GET"]}}],"collection":[{"href":"https:\/\/www.hitsauskurssi.fi\/en\/wp-json\/wp\/v2\/pages"}],"about":[{"href":"https:\/\/www.hitsauskurssi.fi\/en\/wp-json\/wp\/v2\/types\/page"}],"author":[{"embeddable":true,"href":"https:\/\/www.hitsauskurssi.fi\/en\/wp-json\/wp\/v2\/users\/1"}],"replies":[{"embeddable":true,"href":"https:\/\/www.hitsauskurssi.fi\/en\/wp-json\/wp\/v2\/comments?post=281"}],"version-history":[{"count":29,"href":"https:\/\/www.hitsauskurssi.fi\/en\/wp-json\/wp\/v2\/pages\/281\/revisions"}],"predecessor-version":[{"id":1329,"href":"https:\/\/www.hitsauskurssi.fi\/en\/wp-json\/wp\/v2\/pages\/281\/revisions\/1329"}],"wp:attachment":[{"href":"https:\/\/www.hitsauskurssi.fi\/en\/wp-json\/wp\/v2\/media?parent=281"}],"curies":[{"name":"wp","href":"https:\/\/api.w.org\/{rel}","templated":true}]}}