{"id":233,"date":"2024-09-25T06:54:13","date_gmt":"2024-09-25T06:54:13","guid":{"rendered":"https:\/\/www.hitsauskurssi.fi\/?page_id=233"},"modified":"2025-03-09T15:11:21","modified_gmt":"2025-03-09T12:11:21","slug":"basic","status":"publish","type":"page","link":"https:\/\/www.hitsauskurssi.fi\/en\/basic\/","title":{"rendered":"Basic"},"content":{"rendered":"<div class=\"wp-block-group has-global-padding is-layout-constrained wp-block-group-is-layout-constrained\"><nav class=\"has-medium-font-size is-responsive items-justified-center wp-block-navigation is-content-justification-center is-layout-flex wp-container-core-navigation-is-layout-a89b3969 wp-block-navigation-is-layout-flex\" aria-label=\"Navigation\" \n\t\t data-wp-interactive=\"core\/navigation\" data-wp-context='{\"overlayOpenedBy\":{\"click\":false,\"hover\":false,\"focus\":false},\"type\":\"overlay\",\"roleAttribute\":\"\",\"ariaLabel\":\"Menu\"}'><button aria-haspopup=\"dialog\" aria-label=\"Open menu\" class=\"wp-block-navigation__responsive-container-open\" \n\t\t\t\tdata-wp-on--click=\"actions.openMenuOnClick\"\n\t\t\t\tdata-wp-on--keydown=\"actions.handleMenuKeydown\"\n\t\t\t><svg width=\"24\" height=\"24\" xmlns=\"http:\/\/www.w3.org\/2000\/svg\" viewbox=\"0 0 24 24\" aria-hidden=\"true\" focusable=\"false\"><path d=\"M4 7.5h16v1.5H4z\"><\/path><path d=\"M4 15h16v1.5H4z\"><\/path><\/svg><\/button>\n\t\t\t\t<div class=\"wp-block-navigation__responsive-container\"  id=\"modal-1\" \n\t\t\t\tdata-wp-class--has-modal-open=\"state.isMenuOpen\"\n\t\t\t\tdata-wp-class--is-menu-open=\"state.isMenuOpen\"\n\t\t\t\tdata-wp-watch=\"callbacks.initMenu\"\n\t\t\t\tdata-wp-on--keydown=\"actions.handleMenuKeydown\"\n\t\t\t\tdata-wp-on--focusout=\"actions.handleMenuFocusout\"\n\t\t\t\ttabindex=\"-1\"\n\t\t\t>\n\t\t\t\t\t<div class=\"wp-block-navigation__responsive-close\" tabindex=\"-1\">\n\t\t\t\t\t\t<div class=\"wp-block-navigation__responsive-dialog\" \n\t\t\t\tdata-wp-bind--aria-modal=\"state.ariaModal\"\n\t\t\t\tdata-wp-bind--aria-label=\"state.ariaLabel\"\n\t\t\t\tdata-wp-bind--role=\"state.roleAttribute\"\n\t\t\t>\n\t\t\t\t\t\t\t<button aria-label=\"Close menu\" class=\"wp-block-navigation__responsive-container-close\" \n\t\t\t\tdata-wp-on--click=\"actions.closeMenuOnClick\"\n\t\t\t><svg xmlns=\"http:\/\/www.w3.org\/2000\/svg\" viewbox=\"0 0 24 24\" width=\"24\" height=\"24\" aria-hidden=\"true\" focusable=\"false\"><path d=\"m13.06 12 6.47-6.47-1.06-1.06L12 10.94 5.53 4.47 4.47 5.53 10.94 12l-6.47 6.47 1.06 1.06L12 13.06l6.47 6.47 1.06-1.06L13.06 12Z\"><\/path><\/svg><\/button>\n\t\t\t\t\t\t\t<div class=\"wp-block-navigation__responsive-container-content\" \n\t\t\t\tdata-wp-watch=\"callbacks.focusFirstElement\"\n\t\t\t id=\"modal-1-content\">\n\t\t\t\t\t\t\t\t<ul class=\"wp-block-navigation__container has-medium-font-size is-responsive items-justified-center wp-block-navigation has-medium-font-size\"><li class=\"has-medium-font-size wp-block-navigation-item is-style-default wp-block-navigation-link\"><a class=\"wp-block-navigation-item__content\"  href=\"https:\/\/www.hitsauskurssi.fi\/en\/\"><span class=\"wp-block-navigation-item__label\">Front page<\/span><\/a><\/li><li data-wp-context=\"{ &quot;submenuOpenedBy&quot;: { &quot;click&quot;: false, &quot;hover&quot;: false, &quot;focus&quot;: false }, &quot;type&quot;: &quot;submenu&quot;, &quot;modal&quot;: null, &quot;previousFocus&quot;: null }\" data-wp-interactive=\"core\/navigation\" data-wp-on--focusout=\"actions.handleMenuFocusout\" data-wp-on--keydown=\"actions.handleMenuKeydown\" data-wp-on--mouseenter=\"actions.openMenuOnHover\" data-wp-on--mouseleave=\"actions.closeMenuOnHover\" data-wp-watch=\"callbacks.initMenu\" tabindex=\"-1\" class=\"wp-block-navigation-item has-medium-font-size has-child open-on-hover-click wp-block-navigation-submenu\"><a class=\"wp-block-navigation-item__content\" href=\"https:\/\/www.hitsauskurssi.fi\/en\/hitsauskurssit\/\"><span class=\"wp-block-navigation-item__label\">Welding courses<\/span><\/a><button data-wp-bind--aria-expanded=\"state.isMenuOpen\" data-wp-on--click=\"actions.toggleMenuOnClick\" aria-label=\"Hitsauskurssit submenu\" class=\"wp-block-navigation__submenu-icon wp-block-navigation-submenu__toggle\" ><svg xmlns=\"http:\/\/www.w3.org\/2000\/svg\" width=\"12\" height=\"12\" viewbox=\"0 0 12 12\" fill=\"none\" aria-hidden=\"true\" focusable=\"false\"><path d=\"M1.50002 4L6.00002 8L10.5 4\" stroke-width=\"1.5\"><\/path><\/svg><\/button><ul data-wp-on--focus=\"actions.openMenuOnFocus\" class=\"wp-block-navigation__submenu-container wp-block-navigation-submenu\"><li class=\"has-medium-font-size wp-block-navigation-item wp-block-navigation-link\"><a class=\"wp-block-navigation-item__content\"  href=\"https:\/\/www.hitsauskurssi.fi\/en\/paketit-ryhmille\/\"><span class=\"wp-block-navigation-item__label\">Paketit ryhmille<\/span><\/a><\/li><li class=\"has-medium-font-size wp-block-navigation-item wp-block-navigation-link\"><a class=\"wp-block-navigation-item__content\"  href=\"https:\/\/www.hitsauskurssi.fi\/en\/kurssikalenteri\/\"><span class=\"wp-block-navigation-item__label\">Course calendar<\/span><\/a><\/li><li class=\"has-medium-font-size wp-block-navigation-item wp-block-navigation-link\"><a class=\"wp-block-navigation-item__content\"  href=\"https:\/\/www.hitsauskurssi.fi\/en\/hitsauskurssit\/\"><span class=\"wp-block-navigation-item__label\">Welding courses<\/span><\/a><\/li><li class=\"has-medium-font-size wp-block-navigation-item wp-block-navigation-link\"><a class=\"wp-block-navigation-item__content\"  href=\"https:\/\/www.hitsauskurssi.fi\/en\/basic\/\"><span class=\"wp-block-navigation-item__label\">Basic<\/span><\/a><\/li><li class=\"has-medium-font-size wp-block-navigation-item wp-block-navigation-link\"><a class=\"wp-block-navigation-item__content\"  href=\"https:\/\/www.hitsauskurssi.fi\/en\/basic-plus\/\"><span class=\"wp-block-navigation-item__label\">Basic Plus<\/span><\/a><\/li><li class=\"has-medium-font-size wp-block-navigation-item wp-block-navigation-link\"><a class=\"wp-block-navigation-item__content\"  href=\"https:\/\/www.hitsauskurssi.fi\/en\/premium\/\"><span class=\"wp-block-navigation-item__label\">Premium<\/span><\/a><\/li><\/ul><\/li><li class=\"has-medium-font-size wp-block-navigation-item wp-block-navigation-link\"><a class=\"wp-block-navigation-item__content\"  href=\"https:\/\/www.hitsauskurssi.fi\/en\/artikkelit\/\"><span class=\"wp-block-navigation-item__label\">Articles<\/span><\/a><\/li><li class=\"has-medium-font-size wp-block-navigation-item wp-block-navigation-link\"><a class=\"wp-block-navigation-item__content\"  href=\"https:\/\/www.hitsauskurssi.fi\/en\/hitsauskone-vuokraus\/\"><span class=\"wp-block-navigation-item__label\">Rental<\/span><\/a><\/li><li class=\"has-medium-font-size wp-block-navigation-item wp-block-navigation-link\"><a class=\"wp-block-navigation-item__content\"  href=\"https:\/\/www.hitsauskurssi.fi\/en\/yritys\/\"><span class=\"wp-block-navigation-item__label\">Company<\/span><\/a><\/li><li class=\"has-medium-font-size wp-block-navigation-item wp-block-navigation-link\"><a class=\"wp-block-navigation-item__content\"  href=\"https:\/\/www.hitsauskurssi.fi\/en\/yhteystiedot\/\"><span class=\"wp-block-navigation-item__label\">Contact info<\/span><\/a><\/li><\/ul>\n\t\t\t\t\t\t\t<\/div>\n\t\t\t\t\t\t<\/div>\n\t\t\t\t\t<\/div>\n\t\t\t\t<\/div><\/nav><\/div>\n\n\n\n<div class=\"wp-block-cover alignwide animated fadeIn slower\" style=\"padding-right:0;padding-left:0;min-height:400px;aspect-ratio:unset;\"><span aria-hidden=\"true\" class=\"wp-block-cover__background has-background-dim-60 has-background-dim\"><\/span><img loading=\"lazy\" decoding=\"async\" width=\"1024\" height=\"546\" class=\"wp-block-cover__image-background wp-image-358\" alt=\"Basic kurssi tausta.\" src=\"https:\/\/www.hitsauskurssi.fi\/wp-content\/uploads\/2024\/09\/Basic-cover-1024x546.png\" data-object-fit=\"cover\" srcset=\"https:\/\/www.hitsauskurssi.fi\/wp-content\/uploads\/2024\/09\/Basic-cover-1024x546.png 1024w, https:\/\/www.hitsauskurssi.fi\/wp-content\/uploads\/2024\/09\/Basic-cover-300x160.png 300w, https:\/\/www.hitsauskurssi.fi\/wp-content\/uploads\/2024\/09\/Basic-cover-768x410.png 768w, https:\/\/www.hitsauskurssi.fi\/wp-content\/uploads\/2024\/09\/Basic-cover.png 1500w\" sizes=\"auto, (max-width: 1024px) 100vw, 1024px\" \/><div class=\"wp-block-cover__inner-container is-layout-flow wp-block-cover-is-layout-flow\">\n<h2 class=\"wp-block-heading has-text-align-center is-style-default\" id=\"sis\u00e4lt\u00f6_basic\">Basic<\/h2>\n\n\n\n<div style=\"height:10px\" aria-hidden=\"true\" class=\"wp-block-spacer\"><\/div>\n\n\n\n<p class=\"has-text-align-center\">MIG\/MAG welding basics in one workday.<br>Basic courses are always held in Vantaa, with a maximum of 5 participants per day.<br>Sign up through the <a href=\"https:\/\/www.hitsauskurssi.fi\/en\/kurssikalenteri\/\" target=\"_blank\" rel=\"noopener\" title=\"\">calendar<\/a> .<br><br>Course duration: approximately 7 hours.<br><\/p>\n<\/div><\/div>\n\n\n\n<div class=\"wp-block-group alignfull has-global-padding is-layout-constrained wp-container-core-group-is-layout-d89aad35 wp-block-group-is-layout-constrained\" style=\"margin-top:0;margin-bottom:0;padding-top:var(--wp--preset--spacing--50);padding-right:var(--wp--preset--spacing--50);padding-bottom:var(--wp--preset--spacing--50);padding-left:var(--wp--preset--spacing--50)\">\n<div class=\"wp-block-group alignwide has-global-padding is-layout-constrained wp-container-core-group-is-layout-19e250f3 wp-block-group-is-layout-constrained\">\n<div class=\"wp-block-group is-vertical is-content-justification-center is-layout-flex wp-container-core-group-is-layout-6329a8f3 wp-block-group-is-layout-flex\">\n<div class=\"wp-block-group has-border-color has-contrast-3-border-color has-contrast-2-background-color has-background has-global-padding is-layout-constrained wp-container-core-group-is-layout-c385debf wp-block-group-is-layout-constrained\" style=\"border-width:4px;border-radius:15px;padding-top:var(--wp--preset--spacing--20);padding-right:var(--wp--preset--spacing--20);padding-bottom:var(--wp--preset--spacing--20);padding-left:var(--wp--preset--spacing--20)\">\n<p class=\"has-text-align-center has-base-2-color has-text-color has-link-color wp-elements-791e323bacac2698523a6b0e314bc748\" style=\"font-size:clamp(16.293px, 1.018rem + ((1vw - 3.2px) * 0.907), 25px);\">PRICE<br>400\u20ac VAT 0% per participant<\/p>\n\n\n\n<p class=\"has-text-align-center has-base-color has-text-color has-link-color wp-elements-64ce7ae8d5dba89d8fd0fbdfb01fa131\">(502\u20ac VAT 25,5% per participant)<\/p>\n<\/div>\n<\/div>\n\n\n\n<div style=\"height:100px\" aria-hidden=\"true\" class=\"wp-block-spacer\"><\/div>\n\n\n\n<h2 class=\"wp-block-heading has-text-align-center\">Course day content<\/h2>\n\n\n\n<p class=\"has-text-align-center\"><br>Topics covered during the course day.<br>The quality of teaching comes with satisfaction guarantee.<\/p>\n\n\n\n<hr class=\"wp-block-separator has-text-color has-base-2-color has-alpha-channel-opacity has-base-2-background-color has-background is-style-wide\" style=\"margin-top:var(--wp--preset--spacing--30);margin-bottom:var(--wp--preset--spacing--30)\"\/>\n\n\n\n<div class=\"wp-block-columns alignwide custom-css__odd-column is-layout-flex wp-container-core-columns-is-layout-6fc92e15 wp-block-columns-is-layout-flex\" style=\"margin-top:0;margin-bottom:0\">\n<div class=\"wp-block-column is-vertically-aligned-center is-layout-flow wp-block-column-is-layout-flow\" style=\"flex-basis:44.44%\">\n<h3 class=\"wp-block-heading is-style-default\">Welding machine and auxiliary equipment<\/h3>\n\n\n\n<ul style=\"line-height:1.75\" class=\"wp-block-list is-style-checkmark-list\">\n<li>Introduction to the welding machine<\/li>\n\n\n\n<li>Explanation of welding gases and wires<\/li>\n\n\n\n<li>Overview of common auxiliary tools and accessories<\/li>\n\n\n\n<li>Presentation of welder\u2019s clothing and protective gear<\/li>\n<\/ul>\n<\/div>\n\n\n\n<div class=\"wp-block-column is-layout-flow wp-block-column-is-layout-flow\" style=\"flex-basis:55.56%\">\n<figure class=\"wp-block-image size-large is-style-rounded is-style-rounded--2\"><img loading=\"lazy\" decoding=\"async\" width=\"1024\" height=\"683\" src=\"https:\/\/www.hitsauskurssi.fi\/wp-content\/uploads\/2024\/06\/DSC03241-mod-1024x683.png\" alt=\"Kemppi MinarcMig Evo200\" class=\"wp-image-179\" srcset=\"https:\/\/www.hitsauskurssi.fi\/wp-content\/uploads\/2024\/06\/DSC03241-mod-1024x683.png 1024w, https:\/\/www.hitsauskurssi.fi\/wp-content\/uploads\/2024\/06\/DSC03241-mod-300x200.png 300w, https:\/\/www.hitsauskurssi.fi\/wp-content\/uploads\/2024\/06\/DSC03241-mod-768x512.png 768w, https:\/\/www.hitsauskurssi.fi\/wp-content\/uploads\/2024\/06\/DSC03241-mod-1536x1024.png 1536w, https:\/\/www.hitsauskurssi.fi\/wp-content\/uploads\/2024\/06\/DSC03241-mod-2048x1365.png 2048w\" sizes=\"auto, (max-width: 1024px) 100vw, 1024px\" \/><\/figure>\n<\/div>\n<\/div>\n\n\n\n<hr class=\"wp-block-separator has-text-color has-base-2-color has-alpha-channel-opacity has-base-2-background-color has-background is-style-wide\" style=\"margin-top:var(--wp--preset--spacing--30);margin-bottom:var(--wp--preset--spacing--30)\"\/>\n\n\n\n<div class=\"wp-block-columns alignwide double-column is-layout-flex wp-container-core-columns-is-layout-d1c656ed wp-block-columns-is-layout-flex\">\n<div class=\"wp-block-column is-layout-flow wp-block-column-is-layout-flow\" style=\"flex-basis:50%\">\n<figure class=\"wp-block-image size-large is-style-rounded is-style-rounded--3\"><img loading=\"lazy\" decoding=\"async\" width=\"1024\" height=\"683\" src=\"https:\/\/www.hitsauskurssi.fi\/wp-content\/uploads\/2024\/06\/DSC03448-mod-1024x683.png\" alt=\"Hitsaamisen perusteet\" class=\"wp-image-180\" srcset=\"https:\/\/www.hitsauskurssi.fi\/wp-content\/uploads\/2024\/06\/DSC03448-mod-1024x683.png 1024w, https:\/\/www.hitsauskurssi.fi\/wp-content\/uploads\/2024\/06\/DSC03448-mod-300x200.png 300w, https:\/\/www.hitsauskurssi.fi\/wp-content\/uploads\/2024\/06\/DSC03448-mod-768x512.png 768w, https:\/\/www.hitsauskurssi.fi\/wp-content\/uploads\/2024\/06\/DSC03448-mod-1536x1024.png 1536w, https:\/\/www.hitsauskurssi.fi\/wp-content\/uploads\/2024\/06\/DSC03448-mod-2048x1365.png 2048w\" sizes=\"auto, (max-width: 1024px) 100vw, 1024px\" \/><\/figure>\n<\/div>\n\n\n\n<div class=\"wp-block-column is-vertically-aligned-center is-layout-flow wp-block-column-is-layout-flow\" style=\"flex-basis:40%\">\n<h3 class=\"wp-block-heading is-style-default\">Basics of welding<\/h3>\n\n\n\n<ul style=\"line-height:1.75\" class=\"wp-block-list is-style-checkmark-list\">\n<li>Exercises covering all beginner needs<\/li>\n\n\n\n<li>Handling and movement of the welding torch<\/li>\n\n\n\n<li>Common welding positions and scenarios<\/li>\n\n\n\n<li>Preparation and clamping of workpieces<\/li>\n\n\n\n<li>Various practice techniques \u2013 something suitable for everyone<\/li>\n\n\n\n<li>Practice materials: 2mm and 6mm steel plates<\/li>\n<\/ul>\n<\/div>\n<\/div>\n\n\n\n<hr class=\"wp-block-separator has-text-color has-base-2-color has-alpha-channel-opacity has-base-2-background-color has-background is-style-wide\" style=\"margin-top:var(--wp--preset--spacing--30);margin-bottom:var(--wp--preset--spacing--30)\"\/>\n\n\n\n<div class=\"wp-block-columns alignwide custom-css__odd-column is-layout-flex wp-container-core-columns-is-layout-d1c656ed wp-block-columns-is-layout-flex\">\n<div class=\"wp-block-column is-vertically-aligned-center is-layout-flow wp-block-column-is-layout-flow\" style=\"flex-basis:40%\">\n<h3 class=\"wp-block-heading is-style-default\">Adjusting the welding machine<\/h3>\n\n\n\n<ul style=\"line-height:1.75\" class=\"wp-block-list is-style-checkmark-list\">\n<li>Adjusting the machine with easy-to-understand exercises<\/li>\n\n\n\n<li>Controlling the weld pool (puddle)<\/li>\n\n\n\n<li>The impact of material on machine settings<\/li>\n\n\n\n<li>Troubleshooting and problem-solving in welding<\/li>\n<\/ul>\n<\/div>\n\n\n\n<div class=\"wp-block-column is-layout-flow wp-block-column-is-layout-flow\" style=\"flex-basis:50%\">\n<figure class=\"wp-block-image size-large is-style-rounded is-style-rounded--4\"><img loading=\"lazy\" decoding=\"async\" width=\"1024\" height=\"683\" src=\"https:\/\/www.hitsauskurssi.fi\/wp-content\/uploads\/2024\/06\/DSC03550-mod-web-1024x683.png\" alt=\"Hitsauskoneen s\u00e4\u00e4t\u00e4minen\" class=\"wp-image-158\" srcset=\"https:\/\/www.hitsauskurssi.fi\/wp-content\/uploads\/2024\/06\/DSC03550-mod-web-1024x683.png 1024w, https:\/\/www.hitsauskurssi.fi\/wp-content\/uploads\/2024\/06\/DSC03550-mod-web-300x200.png 300w, https:\/\/www.hitsauskurssi.fi\/wp-content\/uploads\/2024\/06\/DSC03550-mod-web-768x512.png 768w, https:\/\/www.hitsauskurssi.fi\/wp-content\/uploads\/2024\/06\/DSC03550-mod-web.png 1500w\" sizes=\"auto, (max-width: 1024px) 100vw, 1024px\" \/><\/figure>\n<\/div>\n<\/div>\n\n\n\n<hr class=\"wp-block-separator has-text-color has-base-2-color has-alpha-channel-opacity has-base-2-background-color has-background is-style-wide\" style=\"margin-top:var(--wp--preset--spacing--30);margin-bottom:var(--wp--preset--spacing--30)\"\/>\n\n\n\n<div class=\"wp-block-columns alignwide double-column is-layout-flex wp-container-core-columns-is-layout-d1c656ed wp-block-columns-is-layout-flex\">\n<div class=\"wp-block-column is-layout-flow wp-block-column-is-layout-flow\" style=\"flex-basis:50%\">\n<figure class=\"wp-block-image size-large is-style-rounded is-style-rounded--5\"><img loading=\"lazy\" decoding=\"async\" width=\"1024\" height=\"683\" src=\"https:\/\/www.hitsauskurssi.fi\/wp-content\/uploads\/2024\/06\/DSC03493-mod-1024x683.png\" alt=\"Ter\u00e4s - lyhyt materiaalioppi\" class=\"wp-image-182\" srcset=\"https:\/\/www.hitsauskurssi.fi\/wp-content\/uploads\/2024\/06\/DSC03493-mod-1024x683.png 1024w, https:\/\/www.hitsauskurssi.fi\/wp-content\/uploads\/2024\/06\/DSC03493-mod-300x200.png 300w, https:\/\/www.hitsauskurssi.fi\/wp-content\/uploads\/2024\/06\/DSC03493-mod-768x512.png 768w, https:\/\/www.hitsauskurssi.fi\/wp-content\/uploads\/2024\/06\/DSC03493-mod-1536x1024.png 1536w, https:\/\/www.hitsauskurssi.fi\/wp-content\/uploads\/2024\/06\/DSC03493-mod-2048x1365.png 2048w\" sizes=\"auto, (max-width: 1024px) 100vw, 1024px\" \/><\/figure>\n<\/div>\n\n\n\n<div class=\"wp-block-column is-vertically-aligned-center is-layout-flow wp-block-column-is-layout-flow\" style=\"flex-basis:40%\">\n<h3 class=\"wp-block-heading is-style-default\">A brief introduction to steel as material<\/h3>\n\n\n\n<ul style=\"line-height:1.75\" class=\"wp-block-list is-style-checkmark-list\">\n<li>The basics of steel in a highly condensed format<\/li>\n\n\n\n<li>The most common weldable steel forms<\/li>\n\n\n\n<li>What you can weld \u2013 and what you can\u2019t<\/li>\n<\/ul>\n<\/div>\n<\/div>\n<\/div>\n<\/div>\n\n\n\n<div class=\"wp-block-group has-global-padding is-layout-constrained wp-block-group-is-layout-constrained\">\n<div class=\"wp-block-group has-global-padding is-layout-constrained wp-block-group-is-layout-constrained\">\n<hr class=\"wp-block-separator has-text-color has-base-2-color has-alpha-channel-opacity has-base-2-background-color has-background\"\/>\n\n\n\n<p class=\"has-text-align-center has-large-font-size\" style=\"font-style:normal;font-weight:500\">Does it feel like too much for one workday?<\/p>\n\n\n\n<p>No worries. This course is designed for regular people, not overachieving robots.<\/p>\n\n\n\n<p class=\"translation-block\">The day is highly hands-on, and all learning happens in the workshop with tools in hand\u2014learning by doing, in other words. The day is sprinkled with only <em>essential<\/em> theory, meaning that between exercises, we explain what we're doing, how, and why. The exercises are straightforward and easy to grasp.<\/p>\n\n\n\n<p>By the end of the day, participants will have the necessary skills, understanding, and confidence to start welding and continue practicing independently.<\/p>\n\n\n\n<p><a href=\"http:\/\/www.hitsauskurssi.fi\/en\/basic-plus\/\" target=\"_blank\" rel=\"noopener\" title=\"\">Basic Plus<\/a> and <a href=\"http:\/\/www.hitsauskurssi.fi\/en\/premium\/\" target=\"_blank\" rel=\"noopener\" title=\"\">Premium<\/a> course participants will receive a guidebook based on the course content to take home. It serves as a refresher when practicing independently after the course.<\/p>\n\n\n\n<hr class=\"wp-block-separator has-text-color has-base-2-color has-alpha-channel-opacity has-base-2-background-color has-background\"\/>\n<\/div>\n<\/div>\n\n\n\n<div style=\"height:20px\" aria-hidden=\"true\" class=\"wp-block-spacer\"><\/div>\n\n\n\n<div class=\"wp-block-group alignfull has-global-padding is-layout-constrained wp-container-core-group-is-layout-490fa1db wp-block-group-is-layout-constrained\" style=\"padding-top:var(--wp--preset--spacing--50);padding-right:var(--wp--preset--spacing--50);padding-bottom:var(--wp--preset--spacing--50);padding-left:var(--wp--preset--spacing--50)\">\n<div class=\"wp-block-group has-global-padding is-layout-constrained wp-container-core-group-is-layout-650790e1 wp-block-group-is-layout-constrained\">\n<h1 class=\"wp-block-heading has-text-align-center is-style-asterisk has-x-large-font-size\">Guidebook<\/h1>\n\n\n\n<div style=\"height:1.25rem\" aria-hidden=\"true\" class=\"wp-block-spacer\"><\/div>\n\n\n\n<p class=\"has-text-align-left\">The course day is intensive and packed with new information.<br>It\u2019s impossible to remember everything, so we\u2019ve created a guidebook for participants to take home.<\/p>\n\n\n\n<div style=\"height:12px\" aria-hidden=\"true\" class=\"wp-block-spacer\"><\/div>\n\n\n\n<p class=\"has-text-align-left\">This 75-page booklet contains all the topics covered during the course day. True to the course style, the text is concise, and there are plenty of images. Available as a traditional physical booklet and in digital PDF format.<\/p>\n\n\n\n<div style=\"height:12px\" aria-hidden=\"true\" class=\"wp-block-spacer\"><\/div>\n\n\n\n<p>The guidebook is included in the <a href=\"http:\/\/www.hitsauskurssi.fi\/en\/basic-plus\/\" target=\"_blank\" rel=\"noopener\" title=\"\">Basic Plus<\/a> and <a href=\"#sis\u00e4lt\u00f6_premium\" target=\"_blank\" rel=\"noopener\" title=\"\">Premium<\/a> packages.<br>You can read samples from the articles to get a taste of the workbook's content.<\/p>\n\n\n\n<div style=\"height:25px\" aria-hidden=\"true\" class=\"wp-block-spacer\"><\/div>\n\n\n\n<div class=\"wp-block-buttons is-content-justification-center is-layout-flex wp-container-core-buttons-is-layout-a89b3969 wp-block-buttons-is-layout-flex\">\n<div class=\"wp-block-button\"><a class=\"wp-block-button__link has-contrast-2-background-color has-background wp-element-button\" href=\"http:\/\/www.hitsauskurssi.fi\/en\/artikkelit\/\">Articles<\/a><\/div>\n<\/div>\n<\/div>\n\n\n\n<div style=\"height:var(--wp--preset--spacing--30)\" aria-hidden=\"true\" class=\"wp-block-spacer\"><\/div>\n\n\n\n<div class=\"wp-block-group has-global-padding is-layout-constrained wp-block-group-is-layout-constrained\">\n<figure class=\"wp-block-image alignwide size-full is-style-rounded is-style-rounded--6\"><img loading=\"lazy\" decoding=\"async\" width=\"2400\" height=\"1600\" src=\"https:\/\/www.hitsauskurssi.fi\/wp-content\/uploads\/2024\/06\/DSC03685-mod.png\" alt=\"Oppivihko ei sis\u00e4lly Basic-kurssiin.\" class=\"wp-image-188\" srcset=\"https:\/\/www.hitsauskurssi.fi\/wp-content\/uploads\/2024\/06\/DSC03685-mod.png 2400w, https:\/\/www.hitsauskurssi.fi\/wp-content\/uploads\/2024\/06\/DSC03685-mod-300x200.png 300w, https:\/\/www.hitsauskurssi.fi\/wp-content\/uploads\/2024\/06\/DSC03685-mod-1024x683.png 1024w, https:\/\/www.hitsauskurssi.fi\/wp-content\/uploads\/2024\/06\/DSC03685-mod-768x512.png 768w, https:\/\/www.hitsauskurssi.fi\/wp-content\/uploads\/2024\/06\/DSC03685-mod-1536x1024.png 1536w, https:\/\/www.hitsauskurssi.fi\/wp-content\/uploads\/2024\/06\/DSC03685-mod-2048x1365.png 2048w\" sizes=\"auto, (max-width: 2400px) 100vw, 2400px\" \/><\/figure>\n<\/div>\n<\/div>","protected":false},"excerpt":{"rendered":"<p>HINTA400\u20ac alv 0% per oppilas (502\u20ac alv 25,5% per oppilas) Kurssip\u00e4iv\u00e4n sis\u00e4lt\u00f6 Kurssip\u00e4iv\u00e4n aikana k\u00e4sitelt\u00e4v\u00e4t aiheet.Opetuksen laadulla on tyytyv\u00e4isyystakuu. Hitsauskone ja apulaitteet Hitsaamisen perusteet Hitsauskoneen s\u00e4\u00e4t\u00e4minen Ter\u00e4ksen lyhyt materiaalioppi Tuntuuko olevan liikaa yhteen ty\u00f6p\u00e4iv\u00e4\u00e4n? Ei h\u00e4t\u00e4\u00e4. Kurssi on suunnattu ihmisille, ei ylisuorittaville roboteille. P\u00e4iv\u00e4 on hyvin k\u00e4yt\u00e4nn\u00f6nl\u00e4heinen ja kaikki oppiminen tapahtuu pajan puolella ty\u00f6kalujen parissa [&hellip;]<\/p>\n","protected":false},"author":1,"featured_media":0,"parent":0,"menu_order":0,"comment_status":"closed","ping_status":"closed","template":"","meta":{"om_disable_all_campaigns":false,"_themeisle_gutenberg_block_has_review":false,"footnotes":""},"class_list":["post-233","page","type-page","status-publish","hentry"],"aioseo_notices":[],"_links":{"self":[{"href":"https:\/\/www.hitsauskurssi.fi\/en\/wp-json\/wp\/v2\/pages\/233","targetHints":{"allow":["GET"]}}],"collection":[{"href":"https:\/\/www.hitsauskurssi.fi\/en\/wp-json\/wp\/v2\/pages"}],"about":[{"href":"https:\/\/www.hitsauskurssi.fi\/en\/wp-json\/wp\/v2\/types\/page"}],"author":[{"embeddable":true,"href":"https:\/\/www.hitsauskurssi.fi\/en\/wp-json\/wp\/v2\/users\/1"}],"replies":[{"embeddable":true,"href":"https:\/\/www.hitsauskurssi.fi\/en\/wp-json\/wp\/v2\/comments?post=233"}],"version-history":[{"count":26,"href":"https:\/\/www.hitsauskurssi.fi\/en\/wp-json\/wp\/v2\/pages\/233\/revisions"}],"predecessor-version":[{"id":935,"href":"https:\/\/www.hitsauskurssi.fi\/en\/wp-json\/wp\/v2\/pages\/233\/revisions\/935"}],"wp:attachment":[{"href":"https:\/\/www.hitsauskurssi.fi\/en\/wp-json\/wp\/v2\/media?parent=233"}],"curies":[{"name":"wp","href":"https:\/\/api.w.org\/{rel}","templated":true}]}}