{"id":1013,"date":"2025-04-28T20:14:57","date_gmt":"2025-04-28T17:14:57","guid":{"rendered":"https:\/\/www.hitsauskurssi.fi\/?page_id=1013"},"modified":"2025-04-29T08:13:33","modified_gmt":"2025-04-29T05:13:33","slug":"paketit-ryhmille","status":"publish","type":"page","link":"https:\/\/www.hitsauskurssi.fi\/en\/paketit-ryhmille\/","title":{"rendered":"Paketit ryhmille"},"content":{"rendered":"<div class=\"wp-block-cover alignwide animated fadeIn slower wp-duotone-duotone-2\"><img loading=\"lazy\" decoding=\"async\" width=\"1000\" height=\"667\" class=\"wp-block-cover__image-background wp-image-1014 size-full\" alt=\"Paketit ryhmille ovat hyvi\u00e4 esimerkiksi huollon v\u00e4elle.\" src=\"https:\/\/www.hitsauskurssi.fi\/wp-content\/uploads\/2025\/04\/Ryhma.png\" data-object-fit=\"cover\" srcset=\"https:\/\/www.hitsauskurssi.fi\/wp-content\/uploads\/2025\/04\/Ryhma.png 1000w, https:\/\/www.hitsauskurssi.fi\/wp-content\/uploads\/2025\/04\/Ryhma-300x200.png 300w, https:\/\/www.hitsauskurssi.fi\/wp-content\/uploads\/2025\/04\/Ryhma-768x512.png 768w, https:\/\/www.hitsauskurssi.fi\/wp-content\/uploads\/2025\/04\/Ryhma-18x12.png 18w\" sizes=\"auto, (max-width: 1000px) 100vw, 1000px\" \/><span aria-hidden=\"true\" class=\"wp-block-cover__background has-contrast-background-color has-background-dim-70 has-background-dim\"><\/span><div class=\"wp-block-cover__inner-container has-global-padding is-layout-constrained wp-block-cover-is-layout-constrained\">\n<h1 class=\"wp-block-heading has-text-align-center has-system-sans-serif-font-family has-xx-large-font-size\">Paketit ryhmille<\/h1>\n\n\n\n<p class=\"has-text-align-center\">Valmiiksi paketoidut vaihtoehdot ryhmille.<br><br>T\u00e4\u00e4lt\u00e4 l\u00f6yd\u00e4t valmiit paketit kun oppimaan on tulossa useampi kerrallaan.<br>Ei turhauttavia tarjouskyselyit\u00e4 &#8211; valitse itsellesi valmiiksi hinnoiteltu vaihtoehto.<\/p>\n\n\n\n<div class=\"wp-block-group is-vertical is-content-justification-center is-layout-flex wp-container-core-group-is-layout-10aa5bc5 wp-block-group-is-layout-flex\" style=\"border-width:3px;border-radius:8px;padding-top:var(--wp--preset--spacing--10);padding-right:0;padding-bottom:var(--wp--preset--spacing--10);padding-left:0\">\n<p class=\"has-text-align-left\">Valitse haluatko pit\u00e4\u00e4 kurssin:<br>1. <a href=\"#tiloissasi\" title=\"\">Omissa tiloissasi<\/a><br>2. <a href=\"#vantaalla\" title=\"\">Vantaalla Hitsauskurssin p\u00e4\u00e4majalla<\/a><\/p>\n<\/div>\n<\/div><\/div>\n\n\n\n<div style=\"height:20px\" aria-hidden=\"true\" class=\"wp-block-spacer\"><\/div>\n\n\n\n<div class=\"wp-block-group alignwide animated fadeIn delay-200ms slower has-global-padding is-layout-constrained wp-block-group-is-layout-constrained\">\n<h2 class=\"wp-block-heading has-text-align-center has-system-sans-serif-font-family\" id=\"tiloissasi\">Paketit ryhmille omissa tiloissasi<\/h2>\n\n\n\n<p class=\"has-text-align-center\">Omissa tiloissasi &#8211; itse valitsemanasi p\u00e4iv\u00e4n\u00e4.<br>Hinta sis\u00e4lt\u00e4\u00e4 tavaroiden kuljetuksen, matkat ja kaiken muunkin.<br>Ei piilotettuja lis\u00e4kuluja &#8211; vain yksi selke\u00e4 hinta.<br><\/p>\n\n\n\n<div class=\"wp-block-columns alignwide is-layout-flex wp-container-core-columns-is-layout-28f84493 wp-block-columns-is-layout-flex\">\n<div class=\"wp-block-column has-contrast-2-background-color has-background is-layout-flow wp-block-column-is-layout-flow\" style=\"border-radius:15px;padding-top:var(--wp--preset--spacing--10);padding-right:var(--wp--preset--spacing--10);padding-bottom:var(--wp--preset--spacing--10);padding-left:var(--wp--preset--spacing--10)\">\n<p class=\"has-text-align-center\" style=\"font-size:clamp(0.875rem, 0.875rem + ((1vw - 0.2rem) * 0.708), 1.3rem);\"><strong>2 osallistujaa<\/strong><\/p>\n\n\n\n<hr class=\"wp-block-separator has-text-color has-base-color has-alpha-channel-opacity has-base-background-color has-background is-style-wide\"\/>\n\n\n\n<p class=\"has-text-align-center\">1000\u20ac alv 0%<\/p>\n\n\n\n<p class=\"has-text-align-center has-accent-5-color has-text-color has-link-color has-small-font-size wp-elements-7179f07501a88eb27ef6e0f7af4dcd87\" style=\"margin-top:0;margin-bottom:0;padding-top:0;padding-bottom:0\">1255\u20ac sis. alv 25,5%<\/p>\n\n\n\n<ul class=\"wp-block-list\">\n<li>1 x Basic<\/li>\n\n\n\n<li>1 x Basic Plus<\/li>\n\n\n\n<li>Kesto noin 6-7h<\/li>\n<\/ul>\n\n\n\n<details class=\"wp-block-details is-layout-flow wp-block-details-is-layout-flow\"><summary>Hetkinen, eih\u00e4n t\u00e4m\u00e4 ole alennettu hinta?!<\/summary>\n<p>Hinta on tosiaan sama kuin yksitt\u00e4in ostettunakin. Erona on kurssin pitopaikka. Tavaroiden kuljetus ja ajaminen ei ole ilmaista &#8211; ja p\u00e4\u00e4tt\u00e4j\u00e4n\u00e4 tied\u00e4t ett\u00e4 yrityksen toiminnan pit\u00e4\u00e4 olla kannattavaa. T\u00e4ss\u00e4 alennus tulee palvelun muodossa.<\/p>\n<\/details>\n<\/div>\n\n\n\n<div class=\"wp-block-column has-contrast-2-background-color has-background is-layout-flow wp-block-column-is-layout-flow\" style=\"border-radius:15px;padding-top:var(--wp--preset--spacing--10);padding-right:var(--wp--preset--spacing--10);padding-bottom:var(--wp--preset--spacing--10);padding-left:var(--wp--preset--spacing--10)\">\n<p class=\"has-text-align-center\" style=\"font-size:clamp(0.875rem, 0.875rem + ((1vw - 0.2rem) * 0.708), 1.3rem);\"><strong>3 osallistujaa<\/strong><\/p>\n\n\n\n<hr class=\"wp-block-separator has-text-color has-base-color has-alpha-channel-opacity has-base-background-color has-background is-style-wide\"\/>\n\n\n\n<p class=\"has-text-align-center\">1200\u20ac alv 0%<\/p>\n\n\n\n<p class=\"has-text-align-center has-accent-5-color has-text-color has-link-color has-small-font-size wp-elements-244aca5288e2c764ad2f356bdc8673d9\" style=\"margin-top:0;margin-bottom:0;padding-top:0;padding-bottom:0\">1506\u20ac sis. alv 25,5%<\/p>\n\n\n\n<ul class=\"wp-block-list\">\n<li>2 x Basic<\/li>\n\n\n\n<li>1 x Basic Plus<\/li>\n\n\n\n<li>Kesto noin 7h<\/li>\n<\/ul>\n<\/div>\n\n\n\n<div class=\"wp-block-column has-contrast-2-background-color has-background is-layout-flow wp-block-column-is-layout-flow\" style=\"border-radius:15px;padding-top:var(--wp--preset--spacing--10);padding-right:var(--wp--preset--spacing--10);padding-bottom:var(--wp--preset--spacing--10);padding-left:var(--wp--preset--spacing--10)\">\n<p class=\"has-text-align-center\" style=\"font-size:clamp(0.875rem, 0.875rem + ((1vw - 0.2rem) * 0.708), 1.3rem);\"><strong>4-5 osallistujaa<\/strong><\/p>\n\n\n\n<hr class=\"wp-block-separator has-text-color has-base-color has-alpha-channel-opacity has-base-background-color has-background is-style-wide\"\/>\n\n\n\n<p class=\"has-text-align-center\">1600\u20ac alv 0%<\/p>\n\n\n\n<p class=\"has-text-align-center has-accent-5-color has-text-color has-link-color has-small-font-size wp-elements-aa6e93e0a1841b136ceda35c0c8d8449\" style=\"margin-top:0;margin-bottom:0\">2008\u20ac sis. alv 25,5%<\/p>\n\n\n\n<ul class=\"wp-block-list\">\n<li>2-3 x Basic<\/li>\n\n\n\n<li>2 x Basic Plus<\/li>\n\n\n\n<li>Sama hinta, on osallistujia sitten 4 tai 5.<\/li>\n\n\n\n<li>Kesto noin 8h<\/li>\n<\/ul>\n<\/div>\n<\/div>\n\n\n\n<figure class=\"wp-block-gallery alignwide has-nested-images columns-default is-cropped animated fadeIn delay-500ms slower wp-block-gallery-4 is-layout-flex wp-block-gallery-is-layout-flex\" style=\"margin-top:var(--wp--preset--spacing--30);margin-bottom:var(--wp--preset--spacing--30)\">\n<figure class=\"wp-block-image size-large is-style-rounded is-style-rounded--1\"><img loading=\"lazy\" decoding=\"async\" width=\"1000\" height=\"667\" data-id=\"1014\" src=\"https:\/\/www.hitsauskurssi.fi\/wp-content\/uploads\/2025\/04\/Ryhma.png\" alt=\"Ryhmille oppilashinnat ovat edullisempia.\" class=\"wp-image-1014\" srcset=\"https:\/\/www.hitsauskurssi.fi\/wp-content\/uploads\/2025\/04\/Ryhma.png 1000w, https:\/\/www.hitsauskurssi.fi\/wp-content\/uploads\/2025\/04\/Ryhma-300x200.png 300w, https:\/\/www.hitsauskurssi.fi\/wp-content\/uploads\/2025\/04\/Ryhma-768x512.png 768w, https:\/\/www.hitsauskurssi.fi\/wp-content\/uploads\/2025\/04\/Ryhma-18x12.png 18w\" sizes=\"auto, (max-width: 1000px) 100vw, 1000px\" \/><\/figure>\n\n\n\n<figure class=\"wp-block-image size-large is-style-rounded is-style-rounded--2\"><img loading=\"lazy\" decoding=\"async\" width=\"1024\" height=\"683\" data-id=\"505\" src=\"https:\/\/www.hitsauskurssi.fi\/wp-content\/uploads\/2024\/10\/DSC03610-1024x683.png\" alt=\"Hitsauskurssin helmi\u00e4.\" class=\"wp-image-505\" srcset=\"https:\/\/www.hitsauskurssi.fi\/wp-content\/uploads\/2024\/10\/DSC03610-1024x683.png 1024w, https:\/\/www.hitsauskurssi.fi\/wp-content\/uploads\/2024\/10\/DSC03610-300x200.png 300w, https:\/\/www.hitsauskurssi.fi\/wp-content\/uploads\/2024\/10\/DSC03610-768x512.png 768w, https:\/\/www.hitsauskurssi.fi\/wp-content\/uploads\/2024\/10\/DSC03610.png 1500w\" sizes=\"auto, (max-width: 1024px) 100vw, 1024px\" \/><\/figure>\n\n\n\n<figure class=\"wp-block-image size-large is-style-rounded is-style-rounded--3\"><img loading=\"lazy\" decoding=\"async\" width=\"1024\" height=\"683\" data-id=\"503\" src=\"https:\/\/www.hitsauskurssi.fi\/wp-content\/uploads\/2024\/10\/DSC03527-1024x683.png\" alt=\"Jokainen saa yksityist\u00e4 opetusta.\" class=\"wp-image-503\" srcset=\"https:\/\/www.hitsauskurssi.fi\/wp-content\/uploads\/2024\/10\/DSC03527-1024x683.png 1024w, https:\/\/www.hitsauskurssi.fi\/wp-content\/uploads\/2024\/10\/DSC03527-300x200.png 300w, https:\/\/www.hitsauskurssi.fi\/wp-content\/uploads\/2024\/10\/DSC03527-768x512.png 768w, https:\/\/www.hitsauskurssi.fi\/wp-content\/uploads\/2024\/10\/DSC03527.png 1500w\" sizes=\"auto, (max-width: 1024px) 100vw, 1024px\" \/><\/figure>\n<\/figure>\n\n\n\n<hr class=\"wp-block-separator has-text-color has-base-color has-alpha-channel-opacity has-base-background-color has-background is-style-wide\" style=\"margin-top:var(--wp--preset--spacing--20);margin-bottom:var(--wp--preset--spacing--20)\"\/>\n<\/div>\n\n\n\n<p class=\"has-text-align-center\">Tarkista t\u00e4st\u00e4 mit\u00e4 kurssit pit\u00e4v\u00e4t sis\u00e4ll\u00e4\u00e4n:<\/p>\n\n\n\n<p class=\"has-text-align-center has-accent-3-color has-text-color has-link-color wp-elements-4caebe259089f42daf13e2ec52cb287a\" style=\"font-size:clamp(0.875rem, 0.875rem + ((1vw - 0.2rem) * 0.708), 1.3rem);\">->  <a href=\"https:\/\/www.hitsauskurssi.fi\/en\/basic\/\" target=\"_blank\" rel=\"noopener\" title=\"\">Basic<\/a>  &lt;-<br>->  <a href=\"https:\/\/www.hitsauskurssi.fi\/en\/basic-plus\/\" target=\"_blank\" rel=\"noopener\" title=\"\">Basic Plus<\/a>  &lt;-<\/p>\n\n\n\n<hr class=\"wp-block-separator has-text-color has-base-color has-alpha-channel-opacity has-base-background-color has-background is-style-wide\" style=\"margin-top:var(--wp--preset--spacing--20);margin-bottom:var(--wp--preset--spacing--20)\"\/>\n\n\n\n<div style=\"height:40px\" aria-hidden=\"true\" class=\"wp-block-spacer\"><\/div>\n\n\n\n<div class=\"wp-block-group alignwide animated fadeIn delay-200ms slower has-global-padding is-layout-constrained wp-block-group-is-layout-constrained\">\n<h2 class=\"wp-block-heading has-text-align-center has-system-sans-serif-font-family\" id=\"vantaalla\">Paketit ryhmille<br>Hitsauskurssi.fi\u00ae p\u00e4\u00e4majalla<\/h2>\n\n\n\n<p class=\"has-text-align-center\">Vantaalla Mittatiell\u00e4. Valitse itse p\u00e4iv\u00e4 ja tuo porukka oppimaan.<br>Ei piilotettuja lis\u00e4kuluja &#8211; vain yksi selke\u00e4 hinta.<br><\/p>\n\n\n\n<div class=\"wp-block-columns alignwide is-layout-flex wp-container-core-columns-is-layout-28f84493 wp-block-columns-is-layout-flex\">\n<div class=\"wp-block-column has-contrast-2-background-color has-background is-layout-flow wp-block-column-is-layout-flow\" style=\"border-radius:15px;padding-top:var(--wp--preset--spacing--10);padding-right:var(--wp--preset--spacing--10);padding-bottom:var(--wp--preset--spacing--10);padding-left:var(--wp--preset--spacing--10)\">\n<p class=\"has-text-align-center\" style=\"font-size:clamp(0.875rem, 0.875rem + ((1vw - 0.2rem) * 0.708), 1.3rem);\"><strong>2 osallistujaa<\/strong><\/p>\n\n\n\n<hr class=\"wp-block-separator has-text-color has-base-color has-alpha-channel-opacity has-base-background-color has-background is-style-wide\"\/>\n\n\n\n<div style=\"height:20px\" aria-hidden=\"true\" class=\"wp-block-spacer\"><\/div>\n\n\n\n<p class=\"has-text-align-center\">Sorry, ei alennuksia.<br>Johonkin pit\u00e4\u00e4 vet\u00e4\u00e4 raja.<\/p>\n<\/div>\n\n\n\n<div class=\"wp-block-column has-contrast-2-background-color has-background is-layout-flow wp-block-column-is-layout-flow\" style=\"border-radius:15px;padding-top:var(--wp--preset--spacing--10);padding-right:var(--wp--preset--spacing--10);padding-bottom:var(--wp--preset--spacing--10);padding-left:var(--wp--preset--spacing--10)\">\n<p class=\"has-text-align-center\" style=\"font-size:clamp(0.875rem, 0.875rem + ((1vw - 0.2rem) * 0.708), 1.3rem);\"><strong>3 osallistujaa<\/strong><\/p>\n\n\n\n<hr class=\"wp-block-separator has-text-color has-base-color has-alpha-channel-opacity has-base-background-color has-background is-style-wide\"\/>\n\n\n\n<p class=\"has-text-align-center\">1200\u20ac alv 0%<\/p>\n\n\n\n<ul class=\"wp-block-list\">\n<li>2 x Basic<\/li>\n\n\n\n<li>1 x Basic Plus<\/li>\n\n\n\n<li>Kesto noin 7h<\/li>\n<\/ul>\n<\/div>\n\n\n\n<div class=\"wp-block-column has-contrast-2-background-color has-background is-layout-flow wp-block-column-is-layout-flow\" style=\"border-radius:15px;padding-top:var(--wp--preset--spacing--10);padding-right:var(--wp--preset--spacing--10);padding-bottom:var(--wp--preset--spacing--10);padding-left:var(--wp--preset--spacing--10)\">\n<p class=\"has-text-align-center\" style=\"font-size:clamp(0.875rem, 0.875rem + ((1vw - 0.2rem) * 0.708), 1.3rem);\"><strong>4-5 osallistujaa<\/strong><\/p>\n\n\n\n<hr class=\"wp-block-separator has-text-color has-base-color has-alpha-channel-opacity has-base-background-color has-background is-style-wide\"\/>\n\n\n\n<p class=\"has-text-align-center\">1600\u20ac alv 0%<\/p>\n\n\n\n<ul class=\"wp-block-list\">\n<li>2-3 x Basic<\/li>\n\n\n\n<li>2 x Basic Plus<\/li>\n\n\n\n<li>Sama hinta, on osallistujia sitten 4 tai 5.<\/li>\n\n\n\n<li>Kesto noin 8h<\/li>\n<\/ul>\n<\/div>\n<\/div>\n\n\n\n<figure class=\"wp-block-gallery alignwide has-nested-images columns-default is-cropped animated fadeIn delay-500ms slower wp-block-gallery-8 is-layout-flex wp-block-gallery-is-layout-flex\" style=\"margin-top:var(--wp--preset--spacing--30);margin-bottom:var(--wp--preset--spacing--30)\">\n<figure class=\"wp-block-image size-large is-style-rounded is-style-rounded--5\"><img loading=\"lazy\" decoding=\"async\" width=\"1024\" height=\"683\" data-id=\"1024\" src=\"https:\/\/www.hitsauskurssi.fi\/wp-content\/uploads\/2025\/04\/DSC03215-modified-1024x683.png\" alt=\"Basic-kurssi k\u00e4ynniss\u00e4.\" class=\"wp-image-1024\" srcset=\"https:\/\/www.hitsauskurssi.fi\/wp-content\/uploads\/2025\/04\/DSC03215-modified-1024x683.png 1024w, https:\/\/www.hitsauskurssi.fi\/wp-content\/uploads\/2025\/04\/DSC03215-modified-300x200.png 300w, https:\/\/www.hitsauskurssi.fi\/wp-content\/uploads\/2025\/04\/DSC03215-modified-768x512.png 768w, https:\/\/www.hitsauskurssi.fi\/wp-content\/uploads\/2025\/04\/DSC03215-modified-18x12.png 18w, https:\/\/www.hitsauskurssi.fi\/wp-content\/uploads\/2025\/04\/DSC03215-modified.png 1500w\" sizes=\"auto, (max-width: 1024px) 100vw, 1024px\" \/><\/figure>\n\n\n\n<figure class=\"wp-block-image size-large is-style-rounded is-style-rounded--6\"><img loading=\"lazy\" decoding=\"async\" width=\"1024\" height=\"683\" data-id=\"1022\" src=\"https:\/\/www.hitsauskurssi.fi\/wp-content\/uploads\/2025\/04\/DSC04008-1024x683.png\" alt=\"Hitsauskoneen s\u00e4\u00e4t\u00e4minen k\u00e4yd\u00e4\u00e4n kurssin aikana l\u00e4pi selke\u00e4sti.\" class=\"wp-image-1022\" srcset=\"https:\/\/www.hitsauskurssi.fi\/wp-content\/uploads\/2025\/04\/DSC04008-1024x683.png 1024w, https:\/\/www.hitsauskurssi.fi\/wp-content\/uploads\/2025\/04\/DSC04008-300x200.png 300w, https:\/\/www.hitsauskurssi.fi\/wp-content\/uploads\/2025\/04\/DSC04008-768x512.png 768w, https:\/\/www.hitsauskurssi.fi\/wp-content\/uploads\/2025\/04\/DSC04008-18x12.png 18w, https:\/\/www.hitsauskurssi.fi\/wp-content\/uploads\/2025\/04\/DSC04008.png 1500w\" sizes=\"auto, (max-width: 1024px) 100vw, 1024px\" \/><\/figure>\n\n\n\n<figure class=\"wp-block-image size-large is-style-rounded is-style-rounded--7\"><img loading=\"lazy\" decoding=\"async\" width=\"1024\" height=\"683\" data-id=\"1023\" src=\"https:\/\/www.hitsauskurssi.fi\/wp-content\/uploads\/2025\/04\/DSC04023-1024x683.png\" alt=\"Kurssille mahtuu korkeintaan viisi osallistujaa kerrallaan.\" class=\"wp-image-1023\" srcset=\"https:\/\/www.hitsauskurssi.fi\/wp-content\/uploads\/2025\/04\/DSC04023-1024x683.png 1024w, https:\/\/www.hitsauskurssi.fi\/wp-content\/uploads\/2025\/04\/DSC04023-300x200.png 300w, https:\/\/www.hitsauskurssi.fi\/wp-content\/uploads\/2025\/04\/DSC04023-768x512.png 768w, https:\/\/www.hitsauskurssi.fi\/wp-content\/uploads\/2025\/04\/DSC04023-18x12.png 18w, https:\/\/www.hitsauskurssi.fi\/wp-content\/uploads\/2025\/04\/DSC04023.png 1500w\" sizes=\"auto, (max-width: 1024px) 100vw, 1024px\" \/><\/figure>\n<\/figure>\n\n\n\n<p class=\"has-text-align-center\" style=\"font-size:clamp(0.875rem, 0.875rem + ((1vw - 0.2rem) * 0.542), 1.2rem);\">Hitsauskurssi.fi\u00ae sijainti<br>Klikkaa kuvaa avataksesi Google Maps<\/p>\n\n\n\n<figure class=\"wp-block-image size-large is-style-rounded is-style-rounded--9\"><a href=\"https:\/\/maps.app.goo.gl\/TPU5JdRNd33B7ZNo6\"><img loading=\"lazy\" decoding=\"async\" width=\"1024\" height=\"575\" src=\"https:\/\/www.hitsauskurssi.fi\/wp-content\/uploads\/2024\/09\/Kartta-sijainti-1024x575.png\" alt=\"Hitsauskurssi.fi Mittatie 14, Vantaa\" class=\"wp-image-312\" srcset=\"https:\/\/www.hitsauskurssi.fi\/wp-content\/uploads\/2024\/09\/Kartta-sijainti-1024x575.png 1024w, https:\/\/www.hitsauskurssi.fi\/wp-content\/uploads\/2024\/09\/Kartta-sijainti-300x169.png 300w, https:\/\/www.hitsauskurssi.fi\/wp-content\/uploads\/2024\/09\/Kartta-sijainti-768x431.png 768w, https:\/\/www.hitsauskurssi.fi\/wp-content\/uploads\/2024\/09\/Kartta-sijainti-1536x863.png 1536w, https:\/\/www.hitsauskurssi.fi\/wp-content\/uploads\/2024\/09\/Kartta-sijainti.png 1577w\" sizes=\"auto, (max-width: 1024px) 100vw, 1024px\" \/><\/a><\/figure>\n\n\n\n<hr class=\"wp-block-separator has-text-color has-base-color has-alpha-channel-opacity has-base-background-color has-background is-style-wide\" style=\"margin-top:var(--wp--preset--spacing--20);margin-bottom:var(--wp--preset--spacing--20)\"\/>\n<\/div>\n\n\n\n<details class=\"wp-block-details is-layout-flow wp-block-details-is-layout-flow\"><summary>Mik\u00e4 sitten lasketaan ryhm\u00e4ksi?<\/summary>\n<p>Mik\u00e4 tahansa porukka jossa osallistujia tulee kerralla enemm\u00e4n kuin kaksi:<\/p>\n\n\n\n<ul class=\"wp-block-list\">\n<li>Yrityksen huolto- tai asennusporukka<\/li>\n\n\n\n<li>Ryhm\u00e4 yksinyritt\u00e4ji\u00e4<\/li>\n\n\n\n<li>Toimiston jengi viett\u00e4m\u00e4ss\u00e4 TYKY-p\u00e4iv\u00e4\u00e4<\/li>\n\n\n\n<li>Ryhm\u00e4 opiskelijoita<\/li>\n\n\n\n<li>Harrasteporukka<\/li>\n\n\n\n<li>&#8230;tai mik\u00e4 tahansa muu lauma ihmisi\u00e4.<\/li>\n<\/ul>\n<\/details>\n\n\n\n<hr class=\"wp-block-separator has-text-color has-base-color has-alpha-channel-opacity has-base-background-color has-background is-style-wide\"\/>\n\n\n\n<h2 class=\"wp-block-heading has-text-align-center has-system-sans-serif-font-family\">Varatessasi kurssia ryhmille<\/h2>\n\n\n\n<p class=\"has-text-align-center\" style=\"font-size:clamp(0.875rem, 0.875rem + ((1vw - 0.2rem) * 0.542), 1.2rem);\">Kannattaa ottaa yhteytt\u00e4. Soita, pist\u00e4 s\u00e4hk\u00f6postia tai viesti\u00e4.<\/p>\n\n\n\n<p class=\"has-text-align-center has-accent-3-color has-text-color has-link-color has-large-font-size wp-elements-533cb373f15daabda9999d6ee4a2bad0\">-&gt; <a href=\"https:\/\/www.hitsauskurssi.fi\/en\/yhteystiedot\/\" title=\"\">CONTACT INFO<\/a> &lt;-<\/p>\n\n\n\n<p><\/p>","protected":false},"excerpt":{"rendered":"<p>Paketit ryhmille omissa tiloissasi Omissa tiloissasi &#8211; itse valitsemanasi p\u00e4iv\u00e4n\u00e4.Hinta sis\u00e4lt\u00e4\u00e4 tavaroiden kuljetuksen, matkat ja kaiken muunkin.Ei piilotettuja lis\u00e4kuluja &#8211; vain yksi selke\u00e4 hinta. 2 osallistujaa 1000\u20ac alv 0% 1255\u20ac sis. alv 25,5% 3 osallistujaa 1200\u20ac alv 0% 1506\u20ac sis. alv 25,5% 4-5 osallistujaa 1600\u20ac alv 0% 2008\u20ac sis. alv 25,5% Tarkista t\u00e4st\u00e4 mit\u00e4 kurssit [&hellip;]<\/p>\n","protected":false},"author":1,"featured_media":0,"parent":0,"menu_order":0,"comment_status":"closed","ping_status":"closed","template":"","meta":{"om_disable_all_campaigns":false,"_themeisle_gutenberg_block_has_review":false,"footnotes":""},"class_list":["post-1013","page","type-page","status-publish","hentry"],"aioseo_notices":[],"_links":{"self":[{"href":"https:\/\/www.hitsauskurssi.fi\/en\/wp-json\/wp\/v2\/pages\/1013","targetHints":{"allow":["GET"]}}],"collection":[{"href":"https:\/\/www.hitsauskurssi.fi\/en\/wp-json\/wp\/v2\/pages"}],"about":[{"href":"https:\/\/www.hitsauskurssi.fi\/en\/wp-json\/wp\/v2\/types\/page"}],"author":[{"embeddable":true,"href":"https:\/\/www.hitsauskurssi.fi\/en\/wp-json\/wp\/v2\/users\/1"}],"replies":[{"embeddable":true,"href":"https:\/\/www.hitsauskurssi.fi\/en\/wp-json\/wp\/v2\/comments?post=1013"}],"version-history":[{"count":10,"href":"https:\/\/www.hitsauskurssi.fi\/en\/wp-json\/wp\/v2\/pages\/1013\/revisions"}],"predecessor-version":[{"id":1034,"href":"https:\/\/www.hitsauskurssi.fi\/en\/wp-json\/wp\/v2\/pages\/1013\/revisions\/1034"}],"wp:attachment":[{"href":"https:\/\/www.hitsauskurssi.fi\/en\/wp-json\/wp\/v2\/media?parent=1013"}],"curies":[{"name":"wp","href":"https:\/\/api.w.org\/{rel}","templated":true}]}}